{"id":32,"date":"2023-06-01T12:09:23","date_gmt":"2023-06-01T12:09:23","guid":{"rendered":"https:\/\/calidoexperience.com\/?page_id=32"},"modified":"2024-11-20T17:57:32","modified_gmt":"2024-11-20T17:57:32","slug":"calido-soul","status":"publish","type":"page","link":"https:\/\/calidoexperience.com\/de\/calido-soul\/","title":{"rendered":"Warme Seele"},"content":{"rendered":"<div data-elementor-type=\"wp-page\" data-elementor-id=\"32\" class=\"elementor elementor-32\" data-elementor-post-type=\"page\">\n\t\t\t\t<div class=\"elementor-element elementor-element-57e5cb47 e-con-full e-flex e-con e-parent\" data-id=\"57e5cb47\" data-element_type=\"container\" data-e-type=\"container\" data-settings=\"{&quot;background_background&quot;:&quot;classic&quot;,&quot;jet_parallax_layout_list&quot;:[],&quot;ekit_has_onepagescroll_dot&quot;:&quot;yes&quot;}\">\n\t\t\t\t<\/div>\n\t\t<div class=\"elementor-element elementor-element-10e60cf4 e-flex e-con-boxed e-con e-parent\" data-id=\"10e60cf4\" data-element_type=\"container\" data-e-type=\"container\" data-settings=\"{&quot;jet_parallax_layout_list&quot;:[],&quot;ekit_has_onepagescroll_dot&quot;:&quot;yes&quot;}\">\n\t\t\t\t\t<div class=\"e-con-inner\">\n\t\t<div class=\"elementor-element elementor-element-44061c91 e-con-full e-flex e-con e-child\" data-id=\"44061c91\" data-element_type=\"container\" data-e-type=\"container\" data-settings=\"{&quot;jet_parallax_layout_list&quot;:[],&quot;ekit_has_onepagescroll_dot&quot;:&quot;yes&quot;}\">\n\t\t<div class=\"elementor-element elementor-element-c3300c0 e-flex e-con-boxed e-con e-child\" data-id=\"c3300c0\" data-element_type=\"container\" data-e-type=\"container\" data-settings=\"{&quot;jet_parallax_layout_list&quot;:[],&quot;ekit_has_onepagescroll_dot&quot;:&quot;yes&quot;}\">\n\t\t\t\t\t<div class=\"e-con-inner\">\n\t\t<div class=\"elementor-element elementor-element-bb238aa e-con-full e-flex e-con e-child\" data-id=\"bb238aa\" data-element_type=\"container\" data-e-type=\"container\" data-settings=\"{&quot;jet_parallax_layout_list&quot;:[],&quot;ekit_has_onepagescroll_dot&quot;:&quot;yes&quot;}\">\n\t\t\t\t<div class=\"elementor-element elementor-element-af2c937 elementor-widget-mobile__width-initial de_scroll_animation_no elementor-widget elementor-widget-image\" data-id=\"af2c937\" data-element_type=\"widget\" data-e-type=\"widget\" data-settings=\"{&quot;ekit_we_effect_on&quot;:&quot;none&quot;}\" data-widget_type=\"image.default\">\n\t\t\t\t<div class=\"elementor-widget-container\">\n\t\t\t\t\t\t\t\t\t\t\t\t\t\t\t<img fetchpriority=\"high\" decoding=\"async\" width=\"768\" height=\"1152\" src=\"https:\/\/calidoexperience.com\/wp-content\/uploads\/2024\/01\/super_Weddings-322-768x1152.jpg\" class=\"attachment-medium_large size-medium_large wp-image-1615\" alt=\"\" srcset=\"https:\/\/calidoexperience.com\/wp-content\/uploads\/2024\/01\/super_Weddings-322-768x1152.jpg 768w, https:\/\/calidoexperience.com\/wp-content\/uploads\/2024\/01\/super_Weddings-322-200x300.jpg 200w, https:\/\/calidoexperience.com\/wp-content\/uploads\/2024\/01\/super_Weddings-322-683x1024.jpg 683w, https:\/\/calidoexperience.com\/wp-content\/uploads\/2024\/01\/super_Weddings-322-1024x1536.jpg 1024w, https:\/\/calidoexperience.com\/wp-content\/uploads\/2024\/01\/super_Weddings-322-1366x2048.jpg 1366w, https:\/\/calidoexperience.com\/wp-content\/uploads\/2024\/01\/super_Weddings-322-8x12.jpg 8w, https:\/\/calidoexperience.com\/wp-content\/uploads\/2024\/01\/super_Weddings-322-scaled.jpg 1707w\" sizes=\"(max-width: 768px) 100vw, 768px\" \/>\t\t\t\t\t\t\t\t\t\t\t\t\t\t\t<\/div>\n\t\t\t\t<\/div>\n\t\t\t\t<\/div>\n\t\t<div class=\"elementor-element elementor-element-e9e607f e-flex e-con-boxed e-con e-child\" data-id=\"e9e607f\" data-element_type=\"container\" data-e-type=\"container\" data-settings=\"{&quot;jet_parallax_layout_list&quot;:[],&quot;ekit_has_onepagescroll_dot&quot;:&quot;yes&quot;}\">\n\t\t\t\t\t<div class=\"e-con-inner\">\n\t\t\t\t<div class=\"elementor-element elementor-element-d878fd1 de_scroll_animation_no elementor-widget elementor-widget-image\" data-id=\"d878fd1\" data-element_type=\"widget\" data-e-type=\"widget\" data-settings=\"{&quot;ekit_we_effect_on&quot;:&quot;none&quot;}\" data-widget_type=\"image.default\">\n\t\t\t\t<div class=\"elementor-widget-container\">\n\t\t\t\t\t\t\t\t\t\t\t\t\t\t\t<img decoding=\"async\" width=\"581\" height=\"381\" src=\"https:\/\/calidoexperience.com\/wp-content\/uploads\/2023\/06\/Logo-Violeta_sin-fondo-e1685628933393.png\" class=\"attachment-large size-large wp-image-71\" alt=\"\" srcset=\"https:\/\/calidoexperience.com\/wp-content\/uploads\/2023\/06\/Logo-Violeta_sin-fondo-e1685628933393.png 581w, https:\/\/calidoexperience.com\/wp-content\/uploads\/2023\/06\/Logo-Violeta_sin-fondo-e1685628933393-300x197.png 300w\" sizes=\"(max-width: 581px) 100vw, 581px\" \/>\t\t\t\t\t\t\t\t\t\t\t\t\t\t\t<\/div>\n\t\t\t\t<\/div>\n\t\t\t\t<div class=\"elementor-element elementor-element-54ca3ba6 de_scroll_animation_no elementor-invisible elementor-widget elementor-widget-heading\" data-id=\"54ca3ba6\" data-element_type=\"widget\" data-e-type=\"widget\" data-settings=\"{&quot;_animation&quot;:&quot;fadeIn&quot;,&quot;_animation_delay&quot;:200,&quot;ekit_we_effect_on&quot;:&quot;none&quot;}\" data-widget_type=\"heading.default\">\n\t\t\t\t<div class=\"elementor-widget-container\">\n\t\t\t\t\t<h2 class=\"elementor-heading-title elementor-size-default\"><span style=\"font-family: Arial, sans-serif;font-size: 14.5pt;color: var( --e-global-color-primary );letter-spacing: 0px\">Mein Name ist Oscar Calle, ich komme aus Gran Canaria und bin seit fast 20 Jahren im Tourismussektor t\u00e4tig. Zusammen mit unserem Team haben wir C\u00e1lido Experience gegr\u00fcndet, das erste auf Gran Canaria spezialisierte Atelier f\u00fcr individuelle Erlebnisse und Luxusdienstleistungen. Bei C\u00e1lido Experience haben wir die Kunst perfektioniert, personalisierte Reisepl\u00e4ne zu erstellen, die auf Ihren Geschmack, Ihre Vorlieben und Ihre Bed\u00fcrfnisse zugeschnitten sind. Wir sind Spezialisten f\u00fcr ma\u00dfgeschneiderte Erlebnisse, die Ihre besten W\u00fcnsche auf Gran Canaria wahr werden lassen. Unser Royal Concierge-Team bietet Ihnen einen au\u00dfergew\u00f6hnlichen Service und k\u00fcmmert sich um jedes Detail, um Ihnen ein einzigartiges und unvergessliches Erlebnis zu erm\u00f6glichen. \u00dcberlassen Sie uns die Planung Ihrer n\u00e4chsten Reise und entdecken Sie die Exklusivit\u00e4t einer ma\u00dfgeschneiderten Reise. Reisen ist ein Traum, und wir von C\u00e1lido Experience lassen Ihre Tr\u00e4ume Wirklichkeit werden.<\/span><\/h2>\t\t\t\t<\/div>\n\t\t\t\t<\/div>\n\t\t\t\t\t<\/div>\n\t\t\t\t<\/div>\n\t\t\t\t\t<\/div>\n\t\t\t\t<\/div>\n\t\t\t\t<\/div>\n\t\t\t\t\t<\/div>\n\t\t\t\t<\/div>\n\t\t<div class=\"elementor-element elementor-element-2f7a950 e-flex e-con-boxed e-con e-parent\" data-id=\"2f7a950\" data-element_type=\"container\" data-e-type=\"container\" data-settings=\"{&quot;jet_parallax_layout_list&quot;:[],&quot;background_background&quot;:&quot;classic&quot;,&quot;ekit_has_onepagescroll_dot&quot;:&quot;yes&quot;}\">\n\t\t\t\t\t<div class=\"e-con-inner\">\n\t\t\t\t<div class=\"elementor-element elementor-element-7e30bb8 de_scroll_animation_no elementor-widget elementor-widget-heading\" data-id=\"7e30bb8\" data-element_type=\"widget\" data-e-type=\"widget\" data-settings=\"{&quot;ekit_we_effect_on&quot;:&quot;none&quot;}\" data-widget_type=\"heading.default\">\n\t\t\t\t<div class=\"elementor-widget-container\">\n\t\t\t\t\t<h2 class=\"elementor-heading-title elementor-size-default\">Warm Experience Team<\/h2>\t\t\t\t<\/div>\n\t\t\t\t<\/div>\n\t\t\t\t<div class=\"elementor-element elementor-element-3cba116 de_scroll_animation_no elementor-widget elementor-widget-image\" data-id=\"3cba116\" data-element_type=\"widget\" data-e-type=\"widget\" data-settings=\"{&quot;ekit_we_effect_on&quot;:&quot;none&quot;}\" data-widget_type=\"image.default\">\n\t\t\t\t<div class=\"elementor-widget-container\">\n\t\t\t\t\t\t\t\t\t\t\t\t\t\t\t\t<a href=\"https:\/\/calidoexperience.com\/wp-content\/uploads\/2024\/10\/Hermano.jpeg\" data-elementor-open-lightbox=\"yes\" data-elementor-lightbox-title=\"Hermano\" data-e-action-hash=\"#elementor-action%3Aaction%3Dlightbox%26settings%3DeyJpZCI6MjI2MSwidXJsIjoiaHR0cHM6XC9cL2NhbGlkb2V4cGVyaWVuY2UuY29tXC93cC1jb250ZW50XC91cGxvYWRzXC8yMDI0XC8xMFwvSGVybWFuby5qcGVnIn0%3D\">\n\t\t\t\t\t\t\t<img decoding=\"async\" width=\"768\" height=\"1024\" src=\"https:\/\/calidoexperience.com\/wp-content\/uploads\/2024\/10\/Hermano-768x1024.jpeg\" class=\"attachment-large size-large wp-image-2261\" alt=\"\" srcset=\"https:\/\/calidoexperience.com\/wp-content\/uploads\/2024\/10\/Hermano-768x1024.jpeg 768w, https:\/\/calidoexperience.com\/wp-content\/uploads\/2024\/10\/Hermano-225x300.jpeg 225w, https:\/\/calidoexperience.com\/wp-content\/uploads\/2024\/10\/Hermano-1152x1536.jpeg 1152w, https:\/\/calidoexperience.com\/wp-content\/uploads\/2024\/10\/Hermano-9x12.jpeg 9w, https:\/\/calidoexperience.com\/wp-content\/uploads\/2024\/10\/Hermano.jpeg 1200w\" sizes=\"(max-width: 768px) 100vw, 768px\" \/>\t\t\t\t\t\t\t\t<\/a>\n\t\t\t\t\t\t\t\t\t\t\t\t\t\t\t<\/div>\n\t\t\t\t<\/div>\n\t\t\t\t<div class=\"elementor-element elementor-element-b9d975b de_scroll_animation_no elementor-widget elementor-widget-image\" data-id=\"b9d975b\" data-element_type=\"widget\" data-e-type=\"widget\" data-settings=\"{&quot;ekit_we_effect_on&quot;:&quot;none&quot;}\" data-widget_type=\"image.default\">\n\t\t\t\t<div class=\"elementor-widget-container\">\n\t\t\t\t\t\t\t\t\t\t\t\t\t\t\t\t<a href=\"https:\/\/calidoexperience.com\/wp-content\/uploads\/2024\/10\/Familia.png\" data-elementor-open-lightbox=\"yes\" data-elementor-lightbox-title=\"Familia\" data-e-action-hash=\"#elementor-action%3Aaction%3Dlightbox%26settings%3DeyJpZCI6MjI2NywidXJsIjoiaHR0cHM6XC9cL2NhbGlkb2V4cGVyaWVuY2UuY29tXC93cC1jb250ZW50XC91cGxvYWRzXC8yMDI0XC8xMFwvRmFtaWxpYS5wbmcifQ%3D%3D\">\n\t\t\t\t\t\t\t<img loading=\"lazy\" decoding=\"async\" width=\"768\" height=\"1024\" src=\"https:\/\/calidoexperience.com\/wp-content\/uploads\/2024\/10\/Familia-768x1024.png\" class=\"attachment-large size-large wp-image-2267\" alt=\"\" srcset=\"https:\/\/calidoexperience.com\/wp-content\/uploads\/2024\/10\/Familia-768x1024.png 768w, https:\/\/calidoexperience.com\/wp-content\/uploads\/2024\/10\/Familia-225x300.png 225w, https:\/\/calidoexperience.com\/wp-content\/uploads\/2024\/10\/Familia-1152x1536.png 1152w, https:\/\/calidoexperience.com\/wp-content\/uploads\/2024\/10\/Familia-9x12.png 9w, https:\/\/calidoexperience.com\/wp-content\/uploads\/2024\/10\/Familia.png 1200w\" sizes=\"(max-width: 768px) 100vw, 768px\" \/>\t\t\t\t\t\t\t\t<\/a>\n\t\t\t\t\t\t\t\t\t\t\t\t\t\t\t<\/div>\n\t\t\t\t<\/div>\n\t\t\t\t<div class=\"elementor-element elementor-element-41cf32c de_scroll_animation_no elementor-widget elementor-widget-image\" data-id=\"41cf32c\" data-element_type=\"widget\" data-e-type=\"widget\" data-settings=\"{&quot;ekit_we_effect_on&quot;:&quot;none&quot;}\" data-widget_type=\"image.default\">\n\t\t\t\t<div class=\"elementor-widget-container\">\n\t\t\t\t\t\t\t\t\t\t\t\t\t\t\t\t<a href=\"https:\/\/calidoexperience.com\/wp-content\/uploads\/2024\/10\/Cunada.jpeg\" data-elementor-open-lightbox=\"yes\" data-elementor-lightbox-title=\"Cun\u0303ada\" data-e-action-hash=\"#elementor-action%3Aaction%3Dlightbox%26settings%3DeyJpZCI6MjI2MywidXJsIjoiaHR0cHM6XC9cL2NhbGlkb2V4cGVyaWVuY2UuY29tXC93cC1jb250ZW50XC91cGxvYWRzXC8yMDI0XC8xMFwvQ3VuYWRhLmpwZWcifQ%3D%3D\">\n\t\t\t\t\t\t\t<img loading=\"lazy\" decoding=\"async\" width=\"768\" height=\"1024\" src=\"https:\/\/calidoexperience.com\/wp-content\/uploads\/2024\/10\/Cunada-768x1024.jpeg\" class=\"attachment-large size-large wp-image-2263\" alt=\"\" srcset=\"https:\/\/calidoexperience.com\/wp-content\/uploads\/2024\/10\/Cunada-768x1024.jpeg 768w, https:\/\/calidoexperience.com\/wp-content\/uploads\/2024\/10\/Cunada-225x300.jpeg 225w, https:\/\/calidoexperience.com\/wp-content\/uploads\/2024\/10\/Cunada-1152x1536.jpeg 1152w, https:\/\/calidoexperience.com\/wp-content\/uploads\/2024\/10\/Cunada-9x12.jpeg 9w, https:\/\/calidoexperience.com\/wp-content\/uploads\/2024\/10\/Cunada.jpeg 1200w\" sizes=\"(max-width: 768px) 100vw, 768px\" \/>\t\t\t\t\t\t\t\t<\/a>\n\t\t\t\t\t\t\t\t\t\t\t\t\t\t\t<\/div>\n\t\t\t\t<\/div>\n\t\t\t\t\t<\/div>\n\t\t\t\t<\/div>\n\t\t<div class=\"elementor-element elementor-element-8d51a28 e-flex e-con-boxed e-con e-parent\" data-id=\"8d51a28\" data-element_type=\"container\" data-e-type=\"container\" data-settings=\"{&quot;jet_parallax_layout_list&quot;:[],&quot;ekit_has_onepagescroll_dot&quot;:&quot;yes&quot;}\">\n\t\t\t\t\t<div class=\"e-con-inner\">\n\t\t\t\t<div class=\"elementor-element elementor-element-15f29aa de_scroll_animation_no elementor-invisible elementor-widget elementor-widget-text-editor\" data-id=\"15f29aa\" data-element_type=\"widget\" data-e-type=\"widget\" data-settings=\"{&quot;_animation&quot;:&quot;fadeIn&quot;,&quot;ekit_we_effect_on&quot;:&quot;none&quot;}\" data-widget_type=\"text-editor.default\">\n\t\t\t\t<div class=\"elementor-widget-container\">\n\t\t\t\t\t\t\t\t\t<p>TESTIMONIALS<\/p>\t\t\t\t\t\t\t\t<\/div>\n\t\t\t\t<\/div>\n\t\t\t\t<div class=\"elementor-element elementor-element-cadf023 de_scroll_animation_no elementor-invisible elementor-widget elementor-widget-heading\" data-id=\"cadf023\" data-element_type=\"widget\" data-e-type=\"widget\" data-settings=\"{&quot;_animation&quot;:&quot;fadeIn&quot;,&quot;_animation_delay&quot;:200,&quot;ekit_we_effect_on&quot;:&quot;none&quot;}\" data-widget_type=\"heading.default\">\n\t\t\t\t<div class=\"elementor-widget-container\">\n\t\t\t\t\t<h2 class=\"elementor-heading-title elementor-size-default\">WIR LASSEN IHRE TR\u00c4UME WAHR WERDEN<\/h2>\t\t\t\t<\/div>\n\t\t\t\t<\/div>\n\t\t\t\t\t<\/div>\n\t\t\t\t<\/div>\n\t\t<div class=\"elementor-element elementor-element-d96541f e-flex e-con-boxed e-con e-parent\" data-id=\"d96541f\" data-element_type=\"container\" data-e-type=\"container\" data-settings=\"{&quot;jet_parallax_layout_list&quot;:[],&quot;ekit_has_onepagescroll_dot&quot;:&quot;yes&quot;}\">\n\t\t\t\t\t<div class=\"e-con-inner\">\n\t\t<div class=\"elementor-element elementor-element-7eb6728 e-con-full e-flex e-con e-child\" data-id=\"7eb6728\" data-element_type=\"container\" data-e-type=\"container\" data-settings=\"{&quot;jet_parallax_layout_list&quot;:[],&quot;ekit_has_onepagescroll_dot&quot;:&quot;yes&quot;}\">\n\t\t\t\t<div class=\"elementor-element elementor-element-a78c717 de_scroll_animation_no elementor-widget elementor-widget-image\" data-id=\"a78c717\" data-element_type=\"widget\" data-e-type=\"widget\" data-settings=\"{&quot;ekit_we_effect_on&quot;:&quot;none&quot;}\" data-widget_type=\"image.default\">\n\t\t\t\t<div class=\"elementor-widget-container\">\n\t\t\t\t\t\t\t\t\t\t\t\t\t\t\t<img loading=\"lazy\" decoding=\"async\" width=\"800\" height=\"600\" src=\"https:\/\/calidoexperience.com\/wp-content\/uploads\/2024\/11\/unnamed-1024x768.jpg\" class=\"attachment-large size-large wp-image-2437\" alt=\"\" srcset=\"https:\/\/calidoexperience.com\/wp-content\/uploads\/2024\/11\/unnamed-1024x768.jpg 1024w, https:\/\/calidoexperience.com\/wp-content\/uploads\/2024\/11\/unnamed-300x225.jpg 300w, https:\/\/calidoexperience.com\/wp-content\/uploads\/2024\/11\/unnamed-768x576.jpg 768w, https:\/\/calidoexperience.com\/wp-content\/uploads\/2024\/11\/unnamed-1536x1152.jpg 1536w, https:\/\/calidoexperience.com\/wp-content\/uploads\/2024\/11\/unnamed-16x12.jpg 16w, https:\/\/calidoexperience.com\/wp-content\/uploads\/2024\/11\/unnamed.jpg 1600w\" sizes=\"(max-width: 800px) 100vw, 800px\" \/>\t\t\t\t\t\t\t\t\t\t\t\t\t\t\t<\/div>\n\t\t\t\t<\/div>\n\t\t\t\t<div class=\"elementor-element elementor-element-f707485 de_scroll_animation_no elementor-widget elementor-widget-heading\" data-id=\"f707485\" data-element_type=\"widget\" data-e-type=\"widget\" data-settings=\"{&quot;ekit_we_effect_on&quot;:&quot;none&quot;}\" data-widget_type=\"heading.default\">\n\t\t\t\t<div class=\"elementor-widget-container\">\n\t\t\t\t\t<h2 class=\"elementor-heading-title elementor-size-default\">Eine unvergessliche Reise: Wie Oscar und Calido unseren Urlaub in ein Traumabenteuer verwandelten<\/h2>\t\t\t\t<\/div>\n\t\t\t\t<\/div>\n\t\t\t\t<div class=\"elementor-element elementor-element-0b138d5 de_scroll_animation_no elementor-widget elementor-widget-text-editor\" data-id=\"0b138d5\" data-element_type=\"widget\" data-e-type=\"widget\" data-settings=\"{&quot;ekit_we_effect_on&quot;:&quot;none&quot;}\" data-widget_type=\"text-editor.default\">\n\t\t\t\t<div class=\"elementor-widget-container\">\n\t\t\t\t\t\t\t\t\t<p>F\u00fcr uns bedeutet Reisen, sich von der t\u00e4glichen Routine zu l\u00f6sen, uns zu \u00fcberfordern und uns nur auf die Sch\u00f6nheit zu konzentrieren, die uns umgibt. Sich einen neuen Rhythmus anzueignen, zu entschleunigen und den gegenw\u00e4rtigen Moment zu genie\u00dfen - etwas, das im Alltag manchmal schwierig ist. Die Feiertage sind die sch\u00f6nsten Tage des Jahres, und wir nehmen sie nicht als selbstverst\u00e4ndlich hin. Diese kostbaren Tage als Familie genie\u00dfen zu k\u00f6nnen, bedeutet uns sehr viel.<\/p>\t\t\t\t\t\t\t\t<\/div>\n\t\t\t\t<\/div>\n\t\t\t\t<\/div>\n\t\t<div class=\"elementor-element elementor-element-e56917f e-con-full e-flex e-con e-child\" data-id=\"e56917f\" data-element_type=\"container\" data-e-type=\"container\" data-settings=\"{&quot;jet_parallax_layout_list&quot;:[],&quot;ekit_has_onepagescroll_dot&quot;:&quot;yes&quot;}\">\n\t\t\t\t<div class=\"elementor-element elementor-element-875617f de_scroll_animation_no elementor-widget elementor-widget-text-editor\" data-id=\"875617f\" data-element_type=\"widget\" data-e-type=\"widget\" data-settings=\"{&quot;ekit_we_effect_on&quot;:&quot;none&quot;}\" data-widget_type=\"text-editor.default\">\n\t\t\t\t<div class=\"elementor-widget-container\">\n\t\t\t\t\t\t\t\t\t<p>Um das Beste aus unserem diesj\u00e4hrigen Sommerurlaub auf den Kanarischen Inseln herauszuholen, suchten wir nach einem Profi, einem ortskundigen Vermittler, einem Kenner der Lebenskultur und der besten Reiseziele, der uns helfen und uns einige gro\u00dfartige M\u00f6glichkeiten aufzeigen konnte. Bei so vielen Inseln, die zur Auswahl stehen, den besten Orten und Pl\u00e4tzen, die man besuchen kann, um alle Tr\u00e4ume und W\u00fcnsche der Familie zu erf\u00fcllen, fanden wir die beste Person, die uns helfen konnte, alle Ziele zu erreichen, die wir uns f\u00fcr einen wunderbaren Urlaub vorgestellt hatten. Diese Person ist Oscar, der Kopf und das Herz hinter C\u00e1lido. Geboren und aufgewachsen auf der Hauptinsel Gran Canaria, ein Mann mit viel Erfahrung im Bereich Freizeit und Gastfreundschaft, verstand er unsere W\u00fcnsche sehr gut und stellte sofort das beste Programm zusammen, das wir uns nur in unseren Tr\u00e4umen vorstellen konnten. Und wozu ist ein Urlaub gut, wenn nicht, um zu tr\u00e4umen, unglaubliche Erfahrungen zu machen und unvergessliche Erinnerungen zu schaffen? Oscar schlug uns die besten Optionen vor und bot uns ein umfangreiches Wissen \u00fcber verschiedene Szenarien.<\/p><p>Einige von ihnen waren f\u00fcr unsere Vorstellung vom perfekten Urlaub v\u00f6llig neu, aber wir waren absolut fasziniert. Vielleicht war es ihre Liebe zum Detail, die Gew\u00e4hrleistung einzigartiger Erlebnisse oder ihre Leidenschaft f\u00fcr das Inselleben. Wir sind wirklich dankbar, dass wir ihrem Beispiel gefolgt sind und es ausprobiert haben. Das Inselerlebnis ist atemberaubend, gesund und einzigartig. Wir h\u00e4tten nie gedacht, dass ein Ort so viele Gesichter hat, die es zu entdecken gilt, und die Art und Weise, wie man sie entdecken kann, war faszinierend. Vom Schlafen auf den Gipfeln in einer der authentischsten Lodges \u00fcber den Wolken, vom Schlafen im magischen Pinienwald des Tamadaba-Naturparks, vom Katamaransegeln in den D\u00fcnen s\u00fcdlich von Maspalomas, vom Besuch so vieler lokaler Fincas und Bodegas und der Verkostung k\u00f6stlicher traditioneller Speisen in einzigartiger Umgebung, vom Schnorcheln mit Decken und dem Beobachten der Sonnenunterg\u00e4nge an wilden Str\u00e4nden im Norden mit einem Lagerfeuer und dem Meer, das Musik f\u00fcr alle Sinne macht. Mein Sohn sagt immer noch, dass dies der beste Urlaub meines Lebens war!!!!! Stellen Sie sich das vor!!! Vielen Dank, Oscar und dein tolles Team, f\u00fcr diese ganz besondere Entdeckung und daf\u00fcr, dass ihr unsere Tr\u00e4ume wahr werden lasst.<\/p><p><strong>Die Umarmung eines Seemanns:)<\/strong><\/p>\t\t\t\t\t\t\t\t<\/div>\n\t\t\t\t<\/div>\n\t\t\t\t<\/div>\n\t\t\t\t\t<\/div>\n\t\t\t\t<\/div>\n\t\t\t\t<\/div>","protected":false},"excerpt":{"rendered":"<p>Mi nombre es Oscar Calle, soy de Gran Canaria, y llevo cerca de 20 a\u00f1os en el sector tur\u00edstico. Junto a nuestro equipo, hemos creado C\u00e1lido Experience, primer atelier de experiencias personalizadas, y servicios de lujo, especializado en Gran Canaria. En C\u00e1lido Experience, hemos perfeccionado el arte de crear itinerarios personalizados que se adaptan a [&hellip;]<\/p>","protected":false},"author":1,"featured_media":0,"parent":0,"menu_order":0,"comment_status":"closed","ping_status":"closed","template":"","meta":{"footnotes":""},"class_list":["post-32","page","type-page","status-publish","hentry"],"_links":{"self":[{"href":"https:\/\/calidoexperience.com\/de\/wp-json\/wp\/v2\/pages\/32","targetHints":{"allow":["GET"]}}],"collection":[{"href":"https:\/\/calidoexperience.com\/de\/wp-json\/wp\/v2\/pages"}],"about":[{"href":"https:\/\/calidoexperience.com\/de\/wp-json\/wp\/v2\/types\/page"}],"author":[{"embeddable":true,"href":"https:\/\/calidoexperience.com\/de\/wp-json\/wp\/v2\/users\/1"}],"replies":[{"embeddable":true,"href":"https:\/\/calidoexperience.com\/de\/wp-json\/wp\/v2\/comments?post=32"}],"version-history":[{"count":73,"href":"https:\/\/calidoexperience.com\/de\/wp-json\/wp\/v2\/pages\/32\/revisions"}],"predecessor-version":[{"id":2456,"href":"https:\/\/calidoexperience.com\/de\/wp-json\/wp\/v2\/pages\/32\/revisions\/2456"}],"wp:attachment":[{"href":"https:\/\/calidoexperience.com\/de\/wp-json\/wp\/v2\/media?parent=32"}],"curies":[{"name":"wp","href":"https:\/\/api.w.org\/{rel}","templated":true}]}}