{"id":732,"date":"2023-06-29T17:12:57","date_gmt":"2023-06-29T17:12:57","guid":{"rendered":"https:\/\/calidoexperience.com\/?page_id=732"},"modified":"2024-02-08T12:06:26","modified_gmt":"2024-02-08T12:06:26","slug":"cultura","status":"publish","type":"page","link":"https:\/\/calidoexperience.com\/de\/cultura\/","title":{"rendered":"Kultur"},"content":{"rendered":"<div data-elementor-type=\"wp-page\" data-elementor-id=\"732\" class=\"elementor elementor-732\" data-elementor-post-type=\"page\">\n\t\t\t\t<div class=\"elementor-element elementor-element-5e891f60 e-con-full e-flex e-con e-parent\" data-id=\"5e891f60\" data-element_type=\"container\" data-e-type=\"container\" data-settings=\"{&quot;background_background&quot;:&quot;classic&quot;,&quot;jet_parallax_layout_list&quot;:[],&quot;ekit_has_onepagescroll_dot&quot;:&quot;yes&quot;}\">\n\t\t\t\t<div class=\"elementor-element elementor-element-745a134a de_scroll_animation_no elementor-widget elementor-widget-text-path\" data-id=\"745a134a\" data-element_type=\"widget\" data-e-type=\"widget\" data-settings=\"{&quot;text&quot;:&quot;cultura&quot;,&quot;text_path_direction&quot;:&quot;rtl&quot;,&quot;start_point&quot;:{&quot;unit&quot;:&quot;%&quot;,&quot;size&quot;:27,&quot;sizes&quot;:[]},&quot;link&quot;:{&quot;url&quot;:&quot;&quot;,&quot;is_external&quot;:&quot;&quot;,&quot;nofollow&quot;:&quot;&quot;,&quot;custom_attributes&quot;:&quot;&quot;},&quot;ekit_we_effect_on&quot;:&quot;none&quot;}\" data-widget_type=\"text-path.default\">\n\t\t\t\t<div class=\"elementor-widget-container\">\n\t\t\t\t\t\t\t<div class=\"e-text-path\" data-text=\"cultura\" data-url=\"\/\/calidoexperience.com\/wp-content\/plugins\/elementor\/assets\/svg-paths\/line.svg\" data-link-url=\"\"><\/div>\n\t\t\t\t\t\t<\/div>\n\t\t\t\t<\/div>\n\t\t\t\t<\/div>\n\t\t<div class=\"elementor-element elementor-element-60ca9375 e-flex e-con-boxed e-con e-parent\" data-id=\"60ca9375\" data-element_type=\"container\" data-e-type=\"container\" data-settings=\"{&quot;jet_parallax_layout_list&quot;:[],&quot;ekit_has_onepagescroll_dot&quot;:&quot;yes&quot;}\">\n\t\t\t\t\t<div class=\"e-con-inner\">\n\t\t<div class=\"elementor-element elementor-element-203fb7fa e-con-full e-flex e-con e-child\" data-id=\"203fb7fa\" data-element_type=\"container\" data-e-type=\"container\" data-settings=\"{&quot;jet_parallax_layout_list&quot;:[],&quot;ekit_has_onepagescroll_dot&quot;:&quot;yes&quot;}\">\n\t\t\t\t<div class=\"elementor-element elementor-element-26850e6c de_scroll_animation_no elementor-invisible elementor-widget elementor-widget-text-editor\" data-id=\"26850e6c\" data-element_type=\"widget\" data-e-type=\"widget\" data-settings=\"{&quot;_animation&quot;:&quot;fadeIn&quot;,&quot;ekit_we_effect_on&quot;:&quot;none&quot;}\" data-widget_type=\"text-editor.default\">\n\t\t\t\t<div class=\"elementor-widget-container\">\n\t\t\t\t\t\t\t\t\t<p>Die Essenz von Gran Canaria<\/p>\t\t\t\t\t\t\t\t<\/div>\n\t\t\t\t<\/div>\n\t\t\t\t<div class=\"elementor-element elementor-element-55653707 de_scroll_animation_no elementor-invisible elementor-widget elementor-widget-heading\" data-id=\"55653707\" data-element_type=\"widget\" data-e-type=\"widget\" data-settings=\"{&quot;_animation&quot;:&quot;fadeIn&quot;,&quot;_animation_delay&quot;:200,&quot;ekit_we_effect_on&quot;:&quot;none&quot;}\" data-widget_type=\"heading.default\">\n\t\t\t\t<div class=\"elementor-widget-container\">\n\t\t\t\t\t<h2 class=\"elementor-heading-title elementor-size-default\">Lernen Sie unser Wesen, unsere Lebensart, unsere Geschichte und die exotischsten Orte kennen: Wir f\u00fchren Sie an zeitlose Orte, die Ihnen f\u00fcr immer in Erinnerung bleiben werden.\neinzigartige und exklusive Besuche in unseren authentischsten Ecken der Welt,\nklassische Musikfestivals auf h\u00f6chstem Niveau, Opern und ein breites Spektrum an Aktivit\u00e4ten, die mit unserer Lebensart verbunden sind.<\/h2>\t\t\t\t<\/div>\n\t\t\t\t<\/div>\n\t\t\t\t<div class=\"elementor-element elementor-element-5d6b0270 de_scroll_animation_no elementor-widget elementor-widget-gallery\" data-id=\"5d6b0270\" data-element_type=\"widget\" data-e-type=\"widget\" data-settings=\"{&quot;gallery_layout&quot;:&quot;justified&quot;,&quot;ideal_row_height&quot;:{&quot;unit&quot;:&quot;px&quot;,&quot;size&quot;:233,&quot;sizes&quot;:[]},&quot;lazyload&quot;:&quot;yes&quot;,&quot;ideal_row_height_tablet&quot;:{&quot;unit&quot;:&quot;px&quot;,&quot;size&quot;:150,&quot;sizes&quot;:[]},&quot;ideal_row_height_mobile&quot;:{&quot;unit&quot;:&quot;px&quot;,&quot;size&quot;:150,&quot;sizes&quot;:[]},&quot;gap&quot;:{&quot;unit&quot;:&quot;px&quot;,&quot;size&quot;:10,&quot;sizes&quot;:[]},&quot;gap_tablet&quot;:{&quot;unit&quot;:&quot;px&quot;,&quot;size&quot;:10,&quot;sizes&quot;:[]},&quot;gap_mobile&quot;:{&quot;unit&quot;:&quot;px&quot;,&quot;size&quot;:10,&quot;sizes&quot;:[]},&quot;link_to&quot;:&quot;file&quot;,&quot;overlay_background&quot;:&quot;yes&quot;,&quot;content_hover_animation&quot;:&quot;fade-in&quot;,&quot;ekit_we_effect_on&quot;:&quot;none&quot;}\" data-widget_type=\"gallery.default\">\n\t\t\t\t<div class=\"elementor-widget-container\">\n\t\t\t\t\t\t\t<div class=\"elementor-gallery__container\">\n\t\t\t\t\t\t\t<a class=\"e-gallery-item elementor-gallery-item elementor-animated-content\" href=\"https:\/\/calidoexperience.com\/wp-content\/uploads\/2023\/06\/Casa-Museo-Perez-Galdos-Sala-San-Quintin-1.jpg\" data-elementor-open-lightbox=\"yes\" data-elementor-lightbox-slideshow=\"5d6b0270\" data-elementor-lightbox-title=\"Casa-Museo P\u00e9rez Gald\u00f3s - Sala San Quint\u00edn 1\" data-e-action-hash=\"#elementor-action%3Aaction%3Dlightbox%26settings%3DeyJpZCI6Nzg2LCJ1cmwiOiJodHRwczpcL1wvY2FsaWRvZXhwZXJpZW5jZS5jb21cL3dwLWNvbnRlbnRcL3VwbG9hZHNcLzIwMjNcLzA2XC9DYXNhLU11c2VvLVBlcmV6LUdhbGRvcy1TYWxhLVNhbi1RdWludGluLTEuanBnIiwic2xpZGVzaG93IjoiNWQ2YjAyNzAifQ%3D%3D\">\n\t\t\t\t\t<div class=\"e-gallery-image elementor-gallery-item__image\" data-thumbnail=\"https:\/\/calidoexperience.com\/wp-content\/uploads\/2023\/06\/Casa-Museo-Perez-Galdos-Sala-San-Quintin-1.jpg\" data-width=\"1048\" data-height=\"699\" aria-label=\"\" role=\"img\" ><\/div>\n\t\t\t\t\t\t\t\t\t\t\t<div class=\"elementor-gallery-item__overlay\"><\/div>\n\t\t\t\t\t\t\t\t\t\t\t\t\t\t<\/a>\n\t\t\t\t\t\t\t<a class=\"e-gallery-item elementor-gallery-item elementor-animated-content\" href=\"https:\/\/calidoexperience.com\/wp-content\/uploads\/2023\/06\/MCC-134.jpg\" data-elementor-open-lightbox=\"yes\" data-elementor-lightbox-slideshow=\"5d6b0270\" data-elementor-lightbox-title=\"MCC-134\" data-e-action-hash=\"#elementor-action%3Aaction%3Dlightbox%26settings%3DeyJpZCI6Nzg3LCJ1cmwiOiJodHRwczpcL1wvY2FsaWRvZXhwZXJpZW5jZS5jb21cL3dwLWNvbnRlbnRcL3VwbG9hZHNcLzIwMjNcLzA2XC9NQ0MtMTM0LmpwZyIsInNsaWRlc2hvdyI6IjVkNmIwMjcwIn0%3D\">\n\t\t\t\t\t<div class=\"e-gallery-image elementor-gallery-item__image\" data-thumbnail=\"https:\/\/calidoexperience.com\/wp-content\/uploads\/2023\/06\/MCC-134.jpg\" data-width=\"900\" data-height=\"728\" aria-label=\"\" role=\"img\" ><\/div>\n\t\t\t\t\t\t\t\t\t\t\t<div class=\"elementor-gallery-item__overlay\"><\/div>\n\t\t\t\t\t\t\t\t\t\t\t\t\t\t<\/a>\n\t\t\t\t\t\t\t<a class=\"e-gallery-item elementor-gallery-item elementor-animated-content\" href=\"https:\/\/calidoexperience.com\/wp-content\/uploads\/2023\/06\/MUSEO-CASA-COL\u2021N-LAS-PALMAS-Dharma-Photography-Anabel-Vargas-10.jpg\" data-elementor-open-lightbox=\"yes\" data-elementor-lightbox-slideshow=\"5d6b0270\" data-elementor-lightbox-title=\"MUSEO CASA COL\u2021N - LAS PALMAS Dharma Photography Anabel Vargas-10\" data-e-action-hash=\"#elementor-action%3Aaction%3Dlightbox%26settings%3DeyJpZCI6Nzg4LCJ1cmwiOiJodHRwczpcL1wvY2FsaWRvZXhwZXJpZW5jZS5jb21cL3dwLWNvbnRlbnRcL3VwbG9hZHNcLzIwMjNcLzA2XC9NVVNFTy1DQVNBLUNPTFx1MjAyMU4tTEFTLVBBTE1BUy1EaGFybWEtUGhvdG9ncmFwaHktQW5hYmVsLVZhcmdhcy0xMC5qcGciLCJzbGlkZXNob3ciOiI1ZDZiMDI3MCJ9\">\n\t\t\t\t\t<div class=\"e-gallery-image elementor-gallery-item__image\" data-thumbnail=\"https:\/\/calidoexperience.com\/wp-content\/uploads\/2023\/06\/MUSEO-CASA-COL\u2021N-LAS-PALMAS-Dharma-Photography-Anabel-Vargas-10.jpg\" data-width=\"900\" data-height=\"825\" aria-label=\"\" role=\"img\" ><\/div>\n\t\t\t\t\t\t\t\t\t\t\t<div class=\"elementor-gallery-item__overlay\"><\/div>\n\t\t\t\t\t\t\t\t\t\t\t\t\t\t<\/a>\n\t\t\t\t\t\t\t<a class=\"e-gallery-item elementor-gallery-item elementor-animated-content\" href=\"https:\/\/calidoexperience.com\/wp-content\/uploads\/2023\/07\/347410859_639659911530721_1790773370393445274_n.jpeg\" data-elementor-open-lightbox=\"yes\" data-elementor-lightbox-slideshow=\"5d6b0270\" data-elementor-lightbox-title=\"347410859_639659911530721_1790773370393445274_n\" data-e-action-hash=\"#elementor-action%3Aaction%3Dlightbox%26settings%3DeyJpZCI6ODM3LCJ1cmwiOiJodHRwczpcL1wvY2FsaWRvZXhwZXJpZW5jZS5jb21cL3dwLWNvbnRlbnRcL3VwbG9hZHNcLzIwMjNcLzA3XC8zNDc0MTA4NTlfNjM5NjU5OTExNTMwNzIxXzE3OTA3NzMzNzAzOTM0NDUyNzRfbi5qcGVnIiwic2xpZGVzaG93IjoiNWQ2YjAyNzAifQ%3D%3D\">\n\t\t\t\t\t<div class=\"e-gallery-image elementor-gallery-item__image\" data-thumbnail=\"https:\/\/calidoexperience.com\/wp-content\/uploads\/2023\/07\/347410859_639659911530721_1790773370393445274_n.jpeg\" data-width=\"1093\" data-height=\"1366\" aria-label=\"\" role=\"img\" ><\/div>\n\t\t\t\t\t\t\t\t\t\t\t<div class=\"elementor-gallery-item__overlay\"><\/div>\n\t\t\t\t\t\t\t\t\t\t\t\t\t\t<\/a>\n\t\t\t\t\t\t\t<a class=\"e-gallery-item elementor-gallery-item elementor-animated-content\" href=\"https:\/\/calidoexperience.com\/wp-content\/uploads\/2023\/06\/RISCO-CIDO.jpg\" data-elementor-open-lightbox=\"yes\" data-elementor-lightbox-slideshow=\"5d6b0270\" data-elementor-lightbox-title=\"RISCO CIDO\" data-e-action-hash=\"#elementor-action%3Aaction%3Dlightbox%26settings%3DeyJpZCI6Nzg5LCJ1cmwiOiJodHRwczpcL1wvY2FsaWRvZXhwZXJpZW5jZS5jb21cL3dwLWNvbnRlbnRcL3VwbG9hZHNcLzIwMjNcLzA2XC9SSVNDTy1DSURPLmpwZyIsInNsaWRlc2hvdyI6IjVkNmIwMjcwIn0%3D\">\n\t\t\t\t\t<div class=\"e-gallery-image elementor-gallery-item__image\" data-thumbnail=\"https:\/\/calidoexperience.com\/wp-content\/uploads\/2023\/06\/RISCO-CIDO.jpg\" data-width=\"800\" data-height=\"600\" aria-label=\"\" role=\"img\" ><\/div>\n\t\t\t\t\t\t\t\t\t\t\t<div class=\"elementor-gallery-item__overlay\"><\/div>\n\t\t\t\t\t\t\t\t\t\t\t\t\t\t<\/a>\n\t\t\t\t\t\t\t<a class=\"e-gallery-item elementor-gallery-item elementor-animated-content\" href=\"https:\/\/calidoexperience.com\/wp-content\/uploads\/2023\/07\/356357815_641395448023834_8357090354173338404_n.jpeg\" data-elementor-open-lightbox=\"yes\" data-elementor-lightbox-slideshow=\"5d6b0270\" data-elementor-lightbox-title=\"356357815_641395448023834_8357090354173338404_n\" data-e-action-hash=\"#elementor-action%3Aaction%3Dlightbox%26settings%3DeyJpZCI6ODM2LCJ1cmwiOiJodHRwczpcL1wvY2FsaWRvZXhwZXJpZW5jZS5jb21cL3dwLWNvbnRlbnRcL3VwbG9hZHNcLzIwMjNcLzA3XC8zNTYzNTc4MTVfNjQxMzk1NDQ4MDIzODM0XzgzNTcwOTAzNTQxNzMzMzg0MDRfbi5qcGVnIiwic2xpZGVzaG93IjoiNWQ2YjAyNzAifQ%3D%3D\">\n\t\t\t\t\t<div class=\"e-gallery-image elementor-gallery-item__image\" data-thumbnail=\"https:\/\/calidoexperience.com\/wp-content\/uploads\/2023\/07\/356357815_641395448023834_8357090354173338404_n.jpeg\" data-width=\"1440\" data-height=\"957\" aria-label=\"\" role=\"img\" ><\/div>\n\t\t\t\t\t\t\t\t\t\t\t<div class=\"elementor-gallery-item__overlay\"><\/div>\n\t\t\t\t\t\t\t\t\t\t\t\t\t\t<\/a>\n\t\t\t\t\t\t\t<a class=\"e-gallery-item elementor-gallery-item elementor-animated-content\" href=\"https:\/\/calidoexperience.com\/wp-content\/uploads\/2023\/06\/Yacimientos-Galdar-4.jpg\" data-elementor-open-lightbox=\"yes\" data-elementor-lightbox-slideshow=\"5d6b0270\" data-elementor-lightbox-title=\"Yacimientos Galdar (4)\" data-e-action-hash=\"#elementor-action%3Aaction%3Dlightbox%26settings%3DeyJpZCI6NzkwLCJ1cmwiOiJodHRwczpcL1wvY2FsaWRvZXhwZXJpZW5jZS5jb21cL3dwLWNvbnRlbnRcL3VwbG9hZHNcLzIwMjNcLzA2XC9ZYWNpbWllbnRvcy1HYWxkYXItNC5qcGciLCJzbGlkZXNob3ciOiI1ZDZiMDI3MCJ9\">\n\t\t\t\t\t<div class=\"e-gallery-image elementor-gallery-item__image\" data-thumbnail=\"https:\/\/calidoexperience.com\/wp-content\/uploads\/2023\/06\/Yacimientos-Galdar-4.jpg\" data-width=\"500\" data-height=\"250\" aria-label=\"\" role=\"img\" ><\/div>\n\t\t\t\t\t\t\t\t\t\t\t<div class=\"elementor-gallery-item__overlay\"><\/div>\n\t\t\t\t\t\t\t\t\t\t\t\t\t\t<\/a>\n\t\t\t\t\t<\/div>\n\t\t\t\t\t<\/div>\n\t\t\t\t<\/div>\n\t\t\t\t<\/div>\n\t\t\t\t\t<\/div>\n\t\t\t\t<\/div>\n\t\t<div class=\"elementor-element elementor-element-42483bf e-flex e-con-boxed e-con e-parent\" data-id=\"42483bf\" data-element_type=\"container\" data-e-type=\"container\" data-settings=\"{&quot;jet_parallax_layout_list&quot;:[],&quot;ekit_has_onepagescroll_dot&quot;:&quot;yes&quot;}\">\n\t\t\t\t\t<div class=\"e-con-inner\">\n\t\t<div class=\"elementor-element elementor-element-596c3b2 e-con-full e-flex e-con e-child\" data-id=\"596c3b2\" data-element_type=\"container\" data-e-type=\"container\" data-settings=\"{&quot;jet_parallax_layout_list&quot;:[],&quot;ekit_has_onepagescroll_dot&quot;:&quot;yes&quot;}\">\n\t\t<div class=\"elementor-element elementor-element-10dfb3e e-con-full e-flex e-con e-child\" data-id=\"10dfb3e\" data-element_type=\"container\" data-e-type=\"container\" data-settings=\"{&quot;jet_parallax_layout_list&quot;:[],&quot;ekit_has_onepagescroll_dot&quot;:&quot;yes&quot;}\">\n\t\t\t\t<div class=\"elementor-element elementor-element-4896c53 elementor-position-top de_scroll_animation_no elementor-invisible elementor-widget elementor-widget-image-box\" data-id=\"4896c53\" data-element_type=\"widget\" data-e-type=\"widget\" data-settings=\"{&quot;_animation&quot;:&quot;fadeInDown&quot;,&quot;_animation_delay&quot;:400,&quot;ekit_we_effect_on&quot;:&quot;none&quot;}\" data-widget_type=\"image-box.default\">\n\t\t\t\t<div class=\"elementor-widget-container\">\n\t\t\t\t\t<div class=\"elementor-image-box-wrapper\"><figure class=\"elementor-image-box-img\"><a href=\"https:\/\/calidoexperience.com\/de\/gastro\/\" tabindex=\"-1\"><img decoding=\"async\" width=\"128\" height=\"128\" src=\"https:\/\/calidoexperience.com\/wp-content\/uploads\/2023\/07\/cuchilleria.png\" class=\"attachment-full size-full wp-image-1011\" alt=\"\" \/><\/a><\/figure><div class=\"elementor-image-box-content\"><h3 class=\"elementor-image-box-title\"><a href=\"https:\/\/calidoexperience.com\/de\/gastro\/\">Gastro<\/a><\/h3><p class=\"elementor-image-box-description\"> Geschmack<br> das Authentische<\/p><\/div><\/div>\t\t\t\t<\/div>\n\t\t\t\t<\/div>\n\t\t\t\t<\/div>\n\t\t<div class=\"elementor-element elementor-element-e87c3a0 e-con-full e-flex e-con e-child\" data-id=\"e87c3a0\" data-element_type=\"container\" data-e-type=\"container\" data-settings=\"{&quot;jet_parallax_layout_list&quot;:[],&quot;ekit_has_onepagescroll_dot&quot;:&quot;yes&quot;}\">\n\t\t\t\t<div class=\"elementor-element elementor-element-3d1f76e elementor-position-top de_scroll_animation_no elementor-invisible elementor-widget elementor-widget-image-box\" data-id=\"3d1f76e\" data-element_type=\"widget\" data-e-type=\"widget\" data-settings=\"{&quot;_animation&quot;:&quot;fadeInDown&quot;,&quot;_animation_delay&quot;:400,&quot;ekit_we_effect_on&quot;:&quot;none&quot;}\" data-widget_type=\"image-box.default\">\n\t\t\t\t<div class=\"elementor-widget-container\">\n\t\t\t\t\t<div class=\"elementor-image-box-wrapper\"><figure class=\"elementor-image-box-img\"><a href=\"https:\/\/calidoexperience.com\/de\/atlantico\/\" tabindex=\"-1\"><img decoding=\"async\" width=\"128\" height=\"90\" src=\"https:\/\/calidoexperience.com\/wp-content\/uploads\/2023\/07\/atardecer-1-e1689855856546.png\" class=\"attachment-full size-full wp-image-1017\" alt=\"\" \/><\/a><\/figure><div class=\"elementor-image-box-content\"><h3 class=\"elementor-image-box-title\"><a href=\"https:\/\/calidoexperience.com\/de\/atlantico\/\">Atlantik<\/a><\/h3><p class=\"elementor-image-box-description\">mit der unverwechselbaren Brise des Atlantiks<\/p><\/div><\/div>\t\t\t\t<\/div>\n\t\t\t\t<\/div>\n\t\t\t\t<\/div>\n\t\t<div class=\"elementor-element elementor-element-5415f81 e-con-full e-flex e-con e-child\" data-id=\"5415f81\" data-element_type=\"container\" data-e-type=\"container\" data-settings=\"{&quot;jet_parallax_layout_list&quot;:[],&quot;ekit_has_onepagescroll_dot&quot;:&quot;yes&quot;}\">\n\t\t\t\t<div class=\"elementor-element elementor-element-8b88c70 elementor-position-top de_scroll_animation_no elementor-invisible elementor-widget elementor-widget-image-box\" data-id=\"8b88c70\" data-element_type=\"widget\" data-e-type=\"widget\" data-settings=\"{&quot;_animation&quot;:&quot;fadeInDown&quot;,&quot;_animation_delay&quot;:400,&quot;ekit_we_effect_on&quot;:&quot;none&quot;}\" data-widget_type=\"image-box.default\">\n\t\t\t\t<div class=\"elementor-widget-container\">\n\t\t\t\t\t<div class=\"elementor-image-box-wrapper\"><figure class=\"elementor-image-box-img\"><a href=\"https:\/\/calidoexperience.com\/de\/cultura\/\" tabindex=\"-1\"><img decoding=\"async\" width=\"128\" height=\"128\" src=\"https:\/\/calidoexperience.com\/wp-content\/uploads\/2023\/07\/entradas.png\" class=\"attachment-full size-full wp-image-1018\" alt=\"\" \/><\/a><\/figure><div class=\"elementor-image-box-content\"><h3 class=\"elementor-image-box-title\"><a href=\"https:\/\/calidoexperience.com\/de\/cultura\/\">Kultur<\/a><\/h3><p class=\"elementor-image-box-description\">etwas \u00fcber unser Wesen, unsere Lebensweise und unsere Geschichte erfahren<\/p><\/div><\/div>\t\t\t\t<\/div>\n\t\t\t\t<\/div>\n\t\t\t\t<\/div>\n\t\t<div class=\"elementor-element elementor-element-420f735 e-con-full e-flex e-con e-child\" data-id=\"420f735\" data-element_type=\"container\" data-e-type=\"container\" data-settings=\"{&quot;jet_parallax_layout_list&quot;:[],&quot;ekit_has_onepagescroll_dot&quot;:&quot;yes&quot;}\">\n\t\t\t\t<div class=\"elementor-element elementor-element-3c08096 elementor-position-top de_scroll_animation_no elementor-invisible elementor-widget elementor-widget-image-box\" data-id=\"3c08096\" data-element_type=\"widget\" data-e-type=\"widget\" data-settings=\"{&quot;_animation&quot;:&quot;fadeInDown&quot;,&quot;_animation_delay&quot;:400,&quot;ekit_we_effect_on&quot;:&quot;none&quot;}\" data-widget_type=\"image-box.default\">\n\t\t\t\t<div class=\"elementor-widget-container\">\n\t\t\t\t\t<div class=\"elementor-image-box-wrapper\"><figure class=\"elementor-image-box-img\"><a href=\"https:\/\/calidoexperience.com\/de\/interior\/\" tabindex=\"-1\"><img loading=\"lazy\" decoding=\"async\" width=\"128\" height=\"128\" src=\"https:\/\/calidoexperience.com\/wp-content\/uploads\/2023\/07\/mapa-y-ubicacion.png\" class=\"attachment-full size-full wp-image-1023\" alt=\"\" \/><\/a><\/figure><div class=\"elementor-image-box-content\"><h3 class=\"elementor-image-box-title\"><a href=\"https:\/\/calidoexperience.com\/de\/interior\/\">Innerhalb<\/a><\/h3><p class=\"elementor-image-box-description\">nehmen wir Sie mit in ein unbekanntes Gran Canaria,<\/p><\/div><\/div>\t\t\t\t<\/div>\n\t\t\t\t<\/div>\n\t\t\t\t<\/div>\n\t\t<div class=\"elementor-element elementor-element-c90cea5 e-con-full e-flex e-con e-child\" data-id=\"c90cea5\" data-element_type=\"container\" data-e-type=\"container\" data-settings=\"{&quot;jet_parallax_layout_list&quot;:[],&quot;ekit_has_onepagescroll_dot&quot;:&quot;yes&quot;}\">\n\t\t\t\t<div class=\"elementor-element elementor-element-597cfc6 elementor-position-top de_scroll_animation_no elementor-invisible elementor-widget elementor-widget-image-box\" data-id=\"597cfc6\" data-element_type=\"widget\" data-e-type=\"widget\" data-settings=\"{&quot;_animation&quot;:&quot;fadeInDown&quot;,&quot;_animation_delay&quot;:400,&quot;ekit_we_effect_on&quot;:&quot;none&quot;}\" data-widget_type=\"image-box.default\">\n\t\t\t\t<div class=\"elementor-widget-container\">\n\t\t\t\t\t<div class=\"elementor-image-box-wrapper\"><figure class=\"elementor-image-box-img\"><a href=\"https:\/\/calidoexperience.com\/de\/wellness\/\" tabindex=\"-1\"><img loading=\"lazy\" decoding=\"async\" width=\"128\" height=\"128\" src=\"https:\/\/calidoexperience.com\/wp-content\/uploads\/2023\/08\/piedras-relajantes.png\" class=\"attachment-full size-full wp-image-1276\" alt=\"\" srcset=\"https:\/\/calidoexperience.com\/wp-content\/uploads\/2023\/08\/piedras-relajantes.png 128w, https:\/\/calidoexperience.com\/wp-content\/uploads\/2023\/08\/piedras-relajantes-12x12.png 12w\" sizes=\"(max-width: 128px) 100vw, 128px\" \/><\/a><\/figure><div class=\"elementor-image-box-content\"><h3 class=\"elementor-image-box-title\"><a href=\"https:\/\/calidoexperience.com\/de\/wellness\/\">Wellness<\/a><\/h3><p class=\"elementor-image-box-description\">die Energie der Insel entdecken und teilen <\/p><\/div><\/div>\t\t\t\t<\/div>\n\t\t\t\t<\/div>\n\t\t\t\t<\/div>\n\t\t<div class=\"elementor-element elementor-element-b989eea e-con-full e-flex e-con e-child\" data-id=\"b989eea\" data-element_type=\"container\" data-e-type=\"container\" data-settings=\"{&quot;jet_parallax_layout_list&quot;:[],&quot;ekit_has_onepagescroll_dot&quot;:&quot;yes&quot;}\">\n\t\t\t\t<div class=\"elementor-element elementor-element-911665d elementor-position-top de_scroll_animation_no elementor-invisible elementor-widget elementor-widget-image-box\" data-id=\"911665d\" data-element_type=\"widget\" data-e-type=\"widget\" data-settings=\"{&quot;_animation&quot;:&quot;fadeInDown&quot;,&quot;_animation_delay&quot;:400,&quot;ekit_we_effect_on&quot;:&quot;none&quot;}\" data-widget_type=\"image-box.default\">\n\t\t\t\t<div class=\"elementor-widget-container\">\n\t\t\t\t\t<div class=\"elementor-image-box-wrapper\"><figure class=\"elementor-image-box-img\"><a href=\"https:\/\/calidoexperience.com\/de\/sports\/\" tabindex=\"-1\"><img loading=\"lazy\" decoding=\"async\" width=\"128\" height=\"128\" src=\"https:\/\/calidoexperience.com\/wp-content\/uploads\/2024\/02\/corriendo.png\" class=\"attachment-full size-full wp-image-1755\" alt=\"\" srcset=\"https:\/\/calidoexperience.com\/wp-content\/uploads\/2024\/02\/corriendo.png 128w, https:\/\/calidoexperience.com\/wp-content\/uploads\/2024\/02\/corriendo-12x12.png 12w\" sizes=\"(max-width: 128px) 100vw, 128px\" \/><\/a><\/figure><div class=\"elementor-image-box-content\"><h3 class=\"elementor-image-box-title\"><a href=\"https:\/\/calidoexperience.com\/de\/sports\/\">Sport<\/a><\/h3><p class=\"elementor-image-box-description\">Gran Canaria <br>Sportparadies <\/p><\/div><\/div>\t\t\t\t<\/div>\n\t\t\t\t<\/div>\n\t\t\t\t<\/div>\n\t\t<div class=\"elementor-element elementor-element-23cbdbb e-con-full e-flex e-con e-child\" data-id=\"23cbdbb\" data-element_type=\"container\" data-e-type=\"container\" data-settings=\"{&quot;jet_parallax_layout_list&quot;:[],&quot;ekit_has_onepagescroll_dot&quot;:&quot;yes&quot;}\">\n\t\t\t\t<div class=\"elementor-element elementor-element-82d513e elementor-position-top de_scroll_animation_no elementor-invisible elementor-widget elementor-widget-image-box\" data-id=\"82d513e\" data-element_type=\"widget\" data-e-type=\"widget\" data-settings=\"{&quot;_animation&quot;:&quot;fadeInDown&quot;,&quot;_animation_delay&quot;:400,&quot;ekit_we_effect_on&quot;:&quot;none&quot;}\" data-widget_type=\"image-box.default\">\n\t\t\t\t<div class=\"elementor-widget-container\">\n\t\t\t\t\t<div class=\"elementor-image-box-wrapper\"><figure class=\"elementor-image-box-img\"><a href=\"https:\/\/calidoexperience.com\/de\/green-gran-canaria\/\" tabindex=\"-1\"><img loading=\"lazy\" decoding=\"async\" width=\"128\" height=\"128\" src=\"https:\/\/calidoexperience.com\/wp-content\/uploads\/2023\/07\/salve-el-planeta-1.png\" class=\"attachment-full size-full wp-image-1028\" alt=\"\" \/><\/a><\/figure><div class=\"elementor-image-box-content\"><h3 class=\"elementor-image-box-title\"><a href=\"https:\/\/calidoexperience.com\/de\/green-gran-canaria\/\">Gr\u00fcne Kanaren<\/a><\/h3><p class=\"elementor-image-box-description\">unsere Essenz in einer nachhaltigen Umwelt.<\/p><\/div><\/div>\t\t\t\t<\/div>\n\t\t\t\t<\/div>\n\t\t\t\t<\/div>\n\t\t\t\t<\/div>\n\t\t\t\t\t<\/div>\n\t\t\t\t<\/div>\n\t\t\t\t<\/div>","protected":false},"excerpt":{"rendered":"<p>Esencia de Gran Canaria Aprende sobre nuestra esencia, forma de vida, historia y los lugares m\u00e1s ex\u00f3ticos: llevaremos tu viaje a lugares sin tiempo, que har\u00e1n que el recuerdo permanezca para siempre: visitas \u00fanicas y exclusivas a nuestros rincones m\u00e1s aut\u00e9nticos, festivales de m\u00fasica cl\u00e1sica de gran nivel, \u00f3pera, y una amplia gama de actividades [&hellip;]<\/p>","protected":false},"author":1,"featured_media":0,"parent":0,"menu_order":0,"comment_status":"closed","ping_status":"closed","template":"","meta":{"footnotes":""},"class_list":["post-732","page","type-page","status-publish","hentry"],"_links":{"self":[{"href":"https:\/\/calidoexperience.com\/de\/wp-json\/wp\/v2\/pages\/732","targetHints":{"allow":["GET"]}}],"collection":[{"href":"https:\/\/calidoexperience.com\/de\/wp-json\/wp\/v2\/pages"}],"about":[{"href":"https:\/\/calidoexperience.com\/de\/wp-json\/wp\/v2\/types\/page"}],"author":[{"embeddable":true,"href":"https:\/\/calidoexperience.com\/de\/wp-json\/wp\/v2\/users\/1"}],"replies":[{"embeddable":true,"href":"https:\/\/calidoexperience.com\/de\/wp-json\/wp\/v2\/comments?post=732"}],"version-history":[{"count":37,"href":"https:\/\/calidoexperience.com\/de\/wp-json\/wp\/v2\/pages\/732\/revisions"}],"predecessor-version":[{"id":1792,"href":"https:\/\/calidoexperience.com\/de\/wp-json\/wp\/v2\/pages\/732\/revisions\/1792"}],"wp:attachment":[{"href":"https:\/\/calidoexperience.com\/de\/wp-json\/wp\/v2\/media?parent=732"}],"curies":[{"name":"wp","href":"https:\/\/api.w.org\/{rel}","templated":true}]}}