{"id":958,"date":"2023-07-03T11:40:17","date_gmt":"2023-07-03T11:40:17","guid":{"rendered":"https:\/\/calidoexperience.com\/?page_id=958"},"modified":"2023-07-03T11:40:17","modified_gmt":"2023-07-03T11:40:17","slug":"politica-de-privacidad","status":"publish","type":"page","link":"https:\/\/calidoexperience.com\/de\/politica-de-privacidad\/","title":{"rendered":"Datenschutzbestimmungen"},"content":{"rendered":"<p>Wir bei Calido Experience sch\u00e4tzen und respektieren Ihre Privatsph\u00e4re. In dieser Datenschutzrichtlinie wird dargelegt, wie wir die pers\u00f6nlichen Daten, die Sie uns bei der Nutzung unserer Website zur Verf\u00fcgung stellen, erfassen, verwenden und sch\u00fctzen. <a href=\"https:\/\/calidoexperience.com\/de\/\">www.calidoexperience.com<\/a> (nachstehend als \"Website\" bezeichnet). Wir empfehlen Ihnen, diese Datenschutzrichtlinie sorgf\u00e4ltig zu lesen, bevor Sie pers\u00f6nliche Daten angeben.<\/p>\n\n\n\n<ol class=\"wp-block-list\">\n<li>Informationen, die wir sammeln<\/li>\n<\/ol>\n\n\n\n<p>Wir k\u00f6nnen die folgenden personenbezogenen Daten erfassen, wenn Sie diese bei der Nutzung unserer Website freiwillig angeben:<\/p>\n\n\n\n<ul class=\"wp-block-list\">\n<li>Vollst\u00e4ndiger Name.<\/li>\n\n\n\n<li>E-Mail Adresse.<\/li>\n\n\n\n<li>Telefonnummer.<\/li>\n\n\n\n<li>Informationen zur Rechnungsstellung und Zahlung.<\/li>\n\n\n\n<li>Demografische Informationen, wie z. B. Ihr geografischer Standort.<\/li>\n<\/ul>\n\n\n\n<p>Dar\u00fcber hinaus k\u00f6nnen wir nicht-personenbezogene Daten \u00fcber Ihren Besuch auf der Website erfassen, wie z. B. Ihre IP-Adresse, den verwendeten Browser, das Betriebssystem, die besuchten Seiten und die Verweildauer. Diese Informationen werden automatisch durch Cookies und \u00e4hnliche Technologien erfasst. Mehr dar\u00fcber erfahren Sie in unserer Cookie-Richtlinie.<\/p>\n\n\n\n<ol class=\"wp-block-list\" start=\"2\">\n<li>Nutzung von Informationen<\/li>\n<\/ol>\n\n\n\n<p>Wir verwenden die von uns gesammelten personenbezogenen Daten f\u00fcr die folgenden Zwecke:<\/p>\n\n\n\n<ul class=\"wp-block-list\">\n<li>Bearbeitung Ihrer Buchungen und Anfragen.<\/li>\n\n\n\n<li>Ihnen die gew\u00fcnschten Dienstleistungen zur Verf\u00fcgung zu stellen.<\/li>\n\n\n\n<li>Versenden von Mitteilungen im Zusammenhang mit den vertraglich vereinbarten Dienstleistungen.<\/li>\n\n\n\n<li>Personalisieren Sie Ihre Erfahrungen auf unserer Website.<\/li>\n\n\n\n<li>Zur Verbesserung unserer Dienstleistungen und der Funktionalit\u00e4t der Website.<\/li>\n\n\n\n<li>Versendung von Werbe- und Sonderangeboten, sofern Sie dem vorher zugestimmt haben.<\/li>\n<\/ul>\n\n\n\n<ol class=\"wp-block-list\" start=\"3\">\n<li>Austausch von Informationen<\/li>\n<\/ol>\n\n\n\n<p>Wir verkaufen, vermieten oder teilen Ihre pers\u00f6nlichen Daten nicht mit Dritten ohne Ihre ausdr\u00fcckliche Zustimmung, au\u00dfer in den folgenden F\u00e4llen:<\/p>\n\n\n\n<ul class=\"wp-block-list\">\n<li>Dienstleister: Wir k\u00f6nnen Ihre Daten an Dritte weitergeben, die uns bei der Erbringung von Dienstleistungen im Zusammenhang mit dem Betrieb der Website unterst\u00fctzen, z. B. bei der Zahlungsabwicklung, bei Webhosting-Diensten und bei der Datenanalyse. Diese Dienstleister haben nur begrenzten Zugriff auf Ihre pers\u00f6nlichen Daten und sind verpflichtet, diese zu sch\u00fctzen und nur gem\u00e4\u00df unseren Anweisungen zu verwenden.<\/li>\n\n\n\n<li>Einhaltung von Gesetzen: Wir k\u00f6nnen Ihre personenbezogenen Daten offenlegen, wenn dies gesetzlich, durch Gerichtsbeschluss oder von einer zust\u00e4ndigen Beh\u00f6rde verlangt wird, um unseren rechtlichen Verpflichtungen nachzukommen.<\/li>\n<\/ul>\n\n\n\n<ol class=\"wp-block-list\" start=\"4\">\n<li>Informationssicherheit<\/li>\n<\/ol>\n\n\n\n<p>Wir setzen angemessene technische und organisatorische Sicherheitsma\u00dfnahmen ein, um Ihre personenbezogenen Daten vor unbefugtem Zugriff, Offenlegung, \u00c4nderung oder Zerst\u00f6rung zu sch\u00fctzen. Bitte beachten Sie jedoch, dass keine Daten\u00fcbertragung \u00fcber das Internet oder elektronische Speicherung v\u00f6llig sicher ist und wir die absolute Sicherheit Ihrer Daten nicht garantieren k\u00f6nnen.<\/p>\n\n\n\n<ol class=\"wp-block-list\" start=\"5\">\n<li>Ihre Rechte<\/li>\n<\/ol>\n\n\n\n<p>Sie haben bestimmte Rechte in Bezug auf Ihre personenbezogenen Daten. Sie k\u00f6nnen die folgenden Rechte jederzeit aus\u00fcben:<\/p>\n\n\n\n<ul class=\"wp-block-list\">\n<li>Zugang: Fordern Sie Informationen \u00fcber die personenbezogenen Daten an, die wir \u00fcber Sie gespeichert haben.<\/li>\n\n\n\n<li>Berichtigung: Berichtigen Sie unrichtige oder unvollst\u00e4ndige personenbezogene Daten.<\/li>\n\n\n\n<li>L\u00f6schung: Beantragen Sie die L\u00f6schung Ihrer personenbezogenen Daten, wenn sie f\u00fcr die Zwecke, f\u00fcr die sie erhoben wurden, nicht mehr erforderlich sind.<\/li>\n\n\n\n<li>Einspruch: Widersprechen Sie der Verarbeitung Ihrer personenbezogenen Daten unter bestimmten Umst\u00e4nden.<\/li>\n\n\n\n<li>\u00dcbertragbarkeit: Beantragen Sie die \u00dcbermittlung Ihrer personenbezogenen Daten an eine andere Einrichtung.<\/li>\n<\/ul>\n\n\n\n<p>Um Ihre Rechte auszu\u00fcben oder wenn Sie Fragen zu unserer Datenschutzrichtlinie haben, k\u00f6nnen Sie uns per E-Mail kontaktieren unter <a href=\"mailto:hola@calidoexperience.com\">hola@calidoexperience.com<\/a>.<\/p>\n\n\n\n<ol class=\"wp-block-list\" start=\"6\">\n<li>\u00c4nderungen der Datenschutzrichtlinie<\/li>\n<\/ol>\n\n\n\n<p>Wir behalten uns das Recht vor, diese Datenschutzrichtlinie jederzeit und ohne Vorank\u00fcndigung zu aktualisieren oder zu \u00e4ndern. Wir empfehlen Ihnen, diese Seite regelm\u00e4\u00dfig zu \u00fcberpr\u00fcfen, um sich \u00fcber etwaige \u00c4nderungen zu informieren. Das Datum der letzten Aktualisierung wird am Ende dieser Datenschutzrichtlinie angegeben.<\/p>\n\n\n\n<p>Datum der letzten Aktualisierung: 03\/07\/2023<\/p>","protected":false},"excerpt":{"rendered":"<p>En Calido Experience, valoramos y respetamos tu privacidad. Esta Pol\u00edtica de Privacidad establece c\u00f3mo recopilamos, utilizamos y protegemos la informaci\u00f3n personal que nos proporcionas al utilizar nuestro sitio web www.calidoexperience.com (en adelante, el \u00abSitio Web\u00bb). Te recomendamos leer detenidamente esta Pol\u00edtica de Privacidad antes de proporcionar cualquier informaci\u00f3n personal. Podemos recopilar la siguiente informaci\u00f3n personal [&hellip;]<\/p>","protected":false},"author":1,"featured_media":0,"parent":0,"menu_order":0,"comment_status":"closed","ping_status":"closed","template":"","meta":{"footnotes":""},"class_list":["post-958","page","type-page","status-publish","hentry"],"_links":{"self":[{"href":"https:\/\/calidoexperience.com\/de\/wp-json\/wp\/v2\/pages\/958","targetHints":{"allow":["GET"]}}],"collection":[{"href":"https:\/\/calidoexperience.com\/de\/wp-json\/wp\/v2\/pages"}],"about":[{"href":"https:\/\/calidoexperience.com\/de\/wp-json\/wp\/v2\/types\/page"}],"author":[{"embeddable":true,"href":"https:\/\/calidoexperience.com\/de\/wp-json\/wp\/v2\/users\/1"}],"replies":[{"embeddable":true,"href":"https:\/\/calidoexperience.com\/de\/wp-json\/wp\/v2\/comments?post=958"}],"version-history":[{"count":1,"href":"https:\/\/calidoexperience.com\/de\/wp-json\/wp\/v2\/pages\/958\/revisions"}],"predecessor-version":[{"id":959,"href":"https:\/\/calidoexperience.com\/de\/wp-json\/wp\/v2\/pages\/958\/revisions\/959"}],"wp:attachment":[{"href":"https:\/\/calidoexperience.com\/de\/wp-json\/wp\/v2\/media?parent=958"}],"curies":[{"name":"wp","href":"https:\/\/api.w.org\/{rel}","templated":true}]}}