{"id":962,"date":"2023-07-03T11:41:18","date_gmt":"2023-07-03T11:41:18","guid":{"rendered":"https:\/\/calidoexperience.com\/?page_id=962"},"modified":"2023-07-03T11:41:18","modified_gmt":"2023-07-03T11:41:18","slug":"politica-de-cookies","status":"publish","type":"page","link":"https:\/\/calidoexperience.com\/de\/politica-de-cookies\/","title":{"rendered":"Cookies-Politik"},"content":{"rendered":"<p>In dieser Cookie-Richtlinie wird erl\u00e4utert, wie wir Cookies und \u00e4hnliche Technologien auf dieser Website verwenden. <a href=\"https:\/\/calidoexperience.com\/de\/\">www.calidoexperience.com<\/a> (nachstehend die \"Website\"). Durch die Nutzung der Website erkl\u00e4ren Sie sich mit der Verwendung von Cookies in \u00dcbereinstimmung mit dieser Cookie-Richtlinie einverstanden. Wenn Sie mit der Verwendung von Cookies nicht einverstanden sind, empfehlen wir Ihnen, Ihre Browsereinstellungen zu \u00e4ndern oder die Nutzung der Website einzustellen.<\/p>\n\n\n\n<ol class=\"wp-block-list\">\n<li>Was sind Cookies?<\/li>\n<\/ol>\n\n\n\n<p>Cookies sind kleine Textdateien, die auf Ihrem Ger\u00e4t gespeichert werden, wenn Sie eine Website besuchen. Diese Cookies enthalten Informationen, die dazu dienen, die Funktionalit\u00e4t und das Surferlebnis zu verbessern. Cookies k\u00f6nnen tempor\u00e4r (werden gel\u00f6scht, wenn Sie Ihren Browser schlie\u00dfen) oder dauerhaft (f\u00fcr einen bestimmten Zeitraum auf Ihrem Ger\u00e4t gespeichert) sein.<\/p>\n\n\n\n<ol class=\"wp-block-list\" start=\"2\">\n<li>Arten von Cookies, die wir verwenden<\/li>\n<\/ol>\n\n\n\n<p>a) Wesentliche Cookies: Diese Cookies sind f\u00fcr den grundlegenden Betrieb der Website erforderlich und erm\u00f6glichen Ihnen die Navigation auf der Website und die Nutzung ihrer Funktionen. Ohne diese Cookies w\u00fcrde die Website nicht richtig funktionieren.<\/p>\n\n\n\n<p>b) Leistungs-Cookies: Diese Cookies sammeln Informationen dar\u00fcber, wie Besucher die Website nutzen, z. B. die am h\u00e4ufigsten besuchten Seiten oder Fehlermeldungen. Diese Informationen werden verwendet, um die Funktionalit\u00e4t der Website zu verbessern und eine bessere Nutzererfahrung zu bieten.<\/p>\n\n\n\n<p>c) Funktionalit\u00e4ts-Cookies: Diese Cookies erm\u00f6glichen es der Website, sich an die von Ihnen getroffenen Entscheidungen zu erinnern (z. B. Ihren Benutzernamen, Ihre Sprache oder Ihre Region) und verbesserte, personalisierte Funktionen bereitzustellen. Sie k\u00f6nnen auch verwendet werden, um angeforderte Dienste bereitzustellen, wie z. B. das Ansehen eines Videos oder das Kommentieren in einem Blog.<\/p>\n\n\n\n<p>d) Werbe-Cookies: Diese Cookies werden verwendet, um Werbung anzuzeigen, die f\u00fcr Sie und Ihre Interessen relevant ist. Sie werden auch verwendet, um die H\u00e4ufigkeit, mit der eine Werbung angezeigt wird, zu begrenzen und die Wirksamkeit einer Werbekampagne zu messen.<\/p>\n\n\n\n<ol class=\"wp-block-list\" start=\"3\">\n<li>Cookies von Dritten und Tracking-Cookies<\/li>\n<\/ol>\n\n\n\n<p>Die Website kann Cookies von Drittanbietern verwenden, z. B. von Analyse- und Werbedienstleistern, die Informationen \u00fcber Ihr Surfverhalten sammeln, um relevantere Werbung anzubieten und die Wirksamkeit von Werbekampagnen zu messen.<\/p>\n\n\n\n<ol class=\"wp-block-list\" start=\"4\">\n<li>Cookie-Kontrolle<\/li>\n<\/ol>\n\n\n\n<p>Sie k\u00f6nnen Ihren Browser so einstellen, dass er Cookies annimmt oder ablehnt, und auch vorhandene Cookies l\u00f6schen. Bitte beachten Sie, dass durch die Deaktivierung oder L\u00f6schung bestimmter Cookies einige Teile der Website m\u00f6glicherweise nicht richtig funktionieren.<\/p>\n\n\n\n<ol class=\"wp-block-list\" start=\"5\">\n<li>Links zu Websites Dritter<\/li>\n<\/ol>\n\n\n\n<p>Die Website kann Links zu Websites von Dritten enthalten. Diese Cookie-Richtlinie gilt nicht f\u00fcr solche Websites. Wir empfehlen Ihnen, die Cookie-Richtlinien dieser Websites Dritter zu lesen, bevor Sie sie nutzen.<\/p>\n\n\n\n<ol class=\"wp-block-list\" start=\"6\">\n<li>Aktualisierungen der Cookie-Richtlinie<\/li>\n<\/ol>\n\n\n\n<p>Wir behalten uns das Recht vor, diese Cookie-Richtlinie jederzeit zu aktualisieren oder zu \u00e4ndern. Alle \u00c4nderungen werden wirksam, sobald die aktualisierte Version auf der Website ver\u00f6ffentlicht wird. Wir empfehlen Ihnen, diese Seite regelm\u00e4\u00dfig zu \u00fcberpr\u00fcfen, um sich \u00fcber etwaige \u00c4nderungen zu informieren.<\/p>\n\n\n\n<p>Wenn Sie Fragen zu unserer Cookie-Richtlinie haben, k\u00f6nnen Sie uns per E-Mail kontaktieren unter <a href=\"mailto:hola@calidoexperience.com\">hola@calidoexperience.com<\/a>.<\/p>\n\n\n\n<p>Datum der letzten Aktualisierung: [Aktuelles Datum einf\u00fcgen].<\/p>","protected":false},"excerpt":{"rendered":"<p>Esta Pol\u00edtica de Cookies explica c\u00f3mo utilizamos las cookies y tecnolog\u00edas similares en el sitio web www.calidoexperience.com (en adelante, el \u00abSitio Web\u00bb). Al utilizar el Sitio Web, aceptas el uso de cookies de acuerdo con esta Pol\u00edtica de Cookies. Si no est\u00e1s de acuerdo con el uso de cookies, te recomendamos ajustar la configuraci\u00f3n de [&hellip;]<\/p>","protected":false},"author":1,"featured_media":0,"parent":0,"menu_order":0,"comment_status":"closed","ping_status":"closed","template":"","meta":{"footnotes":""},"class_list":["post-962","page","type-page","status-publish","hentry"],"_links":{"self":[{"href":"https:\/\/calidoexperience.com\/de\/wp-json\/wp\/v2\/pages\/962","targetHints":{"allow":["GET"]}}],"collection":[{"href":"https:\/\/calidoexperience.com\/de\/wp-json\/wp\/v2\/pages"}],"about":[{"href":"https:\/\/calidoexperience.com\/de\/wp-json\/wp\/v2\/types\/page"}],"author":[{"embeddable":true,"href":"https:\/\/calidoexperience.com\/de\/wp-json\/wp\/v2\/users\/1"}],"replies":[{"embeddable":true,"href":"https:\/\/calidoexperience.com\/de\/wp-json\/wp\/v2\/comments?post=962"}],"version-history":[{"count":1,"href":"https:\/\/calidoexperience.com\/de\/wp-json\/wp\/v2\/pages\/962\/revisions"}],"predecessor-version":[{"id":963,"href":"https:\/\/calidoexperience.com\/de\/wp-json\/wp\/v2\/pages\/962\/revisions\/963"}],"wp:attachment":[{"href":"https:\/\/calidoexperience.com\/de\/wp-json\/wp\/v2\/media?parent=962"}],"curies":[{"name":"wp","href":"https:\/\/api.w.org\/{rel}","templated":true}]}}