{"id":956,"date":"2023-07-03T11:39:00","date_gmt":"2023-07-03T11:39:00","guid":{"rendered":"https:\/\/calidoexperience.com\/?page_id=956"},"modified":"2025-10-10T10:08:42","modified_gmt":"2025-10-10T10:08:42","slug":"aviso-legal","status":"publish","type":"page","link":"https:\/\/calidoexperience.com\/en\/aviso-legal\/","title":{"rendered":"Legal notice"},"content":{"rendered":"<p>This Legal Notice establishes the conditions of use and access to the website. <a href=\"https:\/\/calidoexperience.com\/en\/\">www.calidoexperience.com<\/a> (hereinafter, the \"Website\"), owned by Oscar Alfredo Calle Rodr\u00edguez (DNI 44702052B), with address in Gran Canaria. By accessing and using this Website, you accept the terms and conditions set out in this Legal Notice. If you do not agree with any part of these terms, we recommend that you do not use the Website.<\/p>\n\n\n\n<ol class=\"wp-block-list\">\n<li>General information<\/li>\n<\/ol>\n\n\n\n<p>The owner of the Website, Oscar Alfredo Calle Rodr\u00edguez, is a provider of travel and tourism services under the trade name \"Calido Experience\". The Website aims to provide information about our services and promotions, as well as to allow the booking and contracting of trips and experiences.<\/p>\n\n\n\n<ol class=\"wp-block-list\" start=\"2\">\n<li>Intellectual property<\/li>\n<\/ol>\n\n\n\n<p>All intellectual property rights over the content of the Website, including text, images, logos, graphic design, icons, software and any other element subject to protection, are the exclusive property of Oscar Alfredo Calle Rodr\u00edguez or third parties who have authorised their inclusion on the Website. Any form of reproduction, distribution, public communication, modification or any other unauthorised use without the prior written consent of Oscar Alfredo Calle Rodr\u00edguez is strictly prohibited.<\/p>\n\n\n\n<ol class=\"wp-block-list\" start=\"3\">\n<li>Use of the Website<\/li>\n<\/ol>\n\n\n\n<p>The use of the Website is the responsibility of the user. It is forbidden to use the Website for illicit purposes or purposes that may cause damage or harm to Oscar Alfredo Calle Rodr\u00edguez or third parties. The user undertakes to use the Website in accordance with the law, morality, public order and these terms and conditions.<\/p>\n\n\n\n<ol class=\"wp-block-list\" start=\"4\">\n<li>User responsibility<\/li>\n<\/ol>\n\n\n\n<p>The user is responsible for ensuring that the information provided to the Website is truthful, complete and up to date. The user shall be solely responsible for any damage or harm, direct or indirect, that may be caused as a result of providing false, incomplete or out-of-date information.<\/p>\n\n\n\n<ol class=\"wp-block-list\" start=\"5\">\n<li>Links to third party sites<\/li>\n<\/ol>\n\n\n\n<p>The Website may contain links to third party websites which are provided for reference only. Oscar Alfredo Calle Rodr\u00edguez is not responsible for the content, availability, security or privacy policy of these third party websites. Access to these links is the sole responsibility of the user.<\/p>\n\n\n\n<ol class=\"wp-block-list\" start=\"6\">\n<li>Protection of personal data<\/li>\n<\/ol>\n\n\n\n<p>Oscar Alfredo Calle Rodr\u00edguez complies with current legislation on the protection of personal data. For detailed information on how we collect, use and protect your personal information, please see our Privacy Policy.<\/p>\n\n\n\n<ol class=\"wp-block-list\" start=\"7\">\n<li>Applicable law and jurisdiction<\/li>\n<\/ol>\n\n\n\n<p>This Legal Notice shall be governed and interpreted in accordance with Spanish law. Any dispute that may arise in relation to the Website or its content shall be submitted to the exclusive jurisdiction of the courts of Gran Canaria.<\/p>\n\n\n\n<p>If you have any questions or queries about this Legal Notice, you can contact Oscar Alfredo Calle Rodr\u00edguez via email at <a href=\"mailto:hola@calidoexperience.com\">hola@calidoexperience.com<\/a>.<\/p>\n\n\n\n<p>Date of last update: 03\/07\/2023<\/p>","protected":false},"excerpt":{"rendered":"<p>Este Aviso Legal establece las condiciones de uso y acceso al sitio web www.calidoexperience.com (en adelante, el \u00abSitio Web\u00bb), propiedad de Oscar Alfredo Calle Rodr\u00edguez (con DNI 44702052B), con direcci\u00f3n en Gran Canaria. Al acceder y utilizar este Sitio Web, aceptas los t\u00e9rminos y condiciones establecidos en este Aviso Legal. Si no est\u00e1s de acuerdo [&hellip;]<\/p>","protected":false},"author":1,"featured_media":0,"parent":0,"menu_order":0,"comment_status":"closed","ping_status":"closed","template":"","meta":{"footnotes":""},"class_list":["post-956","page","type-page","status-publish","hentry"],"_links":{"self":[{"href":"https:\/\/calidoexperience.com\/en\/wp-json\/wp\/v2\/pages\/956","targetHints":{"allow":["GET"]}}],"collection":[{"href":"https:\/\/calidoexperience.com\/en\/wp-json\/wp\/v2\/pages"}],"about":[{"href":"https:\/\/calidoexperience.com\/en\/wp-json\/wp\/v2\/types\/page"}],"author":[{"embeddable":true,"href":"https:\/\/calidoexperience.com\/en\/wp-json\/wp\/v2\/users\/1"}],"replies":[{"embeddable":true,"href":"https:\/\/calidoexperience.com\/en\/wp-json\/wp\/v2\/comments?post=956"}],"version-history":[{"count":1,"href":"https:\/\/calidoexperience.com\/en\/wp-json\/wp\/v2\/pages\/956\/revisions"}],"predecessor-version":[{"id":957,"href":"https:\/\/calidoexperience.com\/en\/wp-json\/wp\/v2\/pages\/956\/revisions\/957"}],"wp:attachment":[{"href":"https:\/\/calidoexperience.com\/en\/wp-json\/wp\/v2\/media?parent=956"}],"curies":[{"name":"wp","href":"https:\/\/api.w.org\/{rel}","templated":true}]}}