{"id":1280,"date":"2023-08-04T06:00:21","date_gmt":"2023-08-04T06:00:21","guid":{"rendered":"https:\/\/calidoexperience.com\/?page_id=1280"},"modified":"2023-11-07T08:25:12","modified_gmt":"2023-11-07T08:25:12","slug":"wellness","status":"publish","type":"page","link":"https:\/\/calidoexperience.com\/fr\/wellness\/","title":{"rendered":"Bien-\u00eatre"},"content":{"rendered":"<div data-elementor-type=\"wp-page\" data-elementor-id=\"1280\" class=\"elementor elementor-1280\" data-elementor-post-type=\"page\">\n\t\t\t\t<div class=\"elementor-element elementor-element-67936c5 e-con-full e-flex e-con e-parent\" data-id=\"67936c5\" data-element_type=\"container\" data-e-type=\"container\" data-settings=\"{&quot;background_background&quot;:&quot;classic&quot;,&quot;jet_parallax_layout_list&quot;:[],&quot;ekit_has_onepagescroll_dot&quot;:&quot;yes&quot;}\">\n\t\t\t\t<div class=\"elementor-element elementor-element-75f308e de_scroll_animation_no elementor-widget elementor-widget-text-path\" data-id=\"75f308e\" data-element_type=\"widget\" data-e-type=\"widget\" data-settings=\"{&quot;text&quot;:&quot;wellness&quot;,&quot;text_path_direction&quot;:&quot;rtl&quot;,&quot;start_point&quot;:{&quot;unit&quot;:&quot;%&quot;,&quot;size&quot;:27,&quot;sizes&quot;:[]},&quot;link&quot;:{&quot;url&quot;:&quot;&quot;,&quot;is_external&quot;:&quot;&quot;,&quot;nofollow&quot;:&quot;&quot;,&quot;custom_attributes&quot;:&quot;&quot;},&quot;ekit_we_effect_on&quot;:&quot;none&quot;}\" data-widget_type=\"text-path.default\">\n\t\t\t\t<div class=\"elementor-widget-container\">\n\t\t\t\t\t\t\t<div class=\"e-text-path\" data-text=\"wellness\" data-url=\"\/\/calidoexperience.com\/wp-content\/plugins\/elementor\/assets\/svg-paths\/line.svg\" data-link-url=\"\"><\/div>\n\t\t\t\t\t\t<\/div>\n\t\t\t\t<\/div>\n\t\t\t\t<\/div>\n\t\t<div class=\"elementor-element elementor-element-ccd9c29 e-flex e-con-boxed e-con e-parent\" data-id=\"ccd9c29\" data-element_type=\"container\" data-e-type=\"container\" data-settings=\"{&quot;jet_parallax_layout_list&quot;:[],&quot;ekit_has_onepagescroll_dot&quot;:&quot;yes&quot;}\">\n\t\t\t\t\t<div class=\"e-con-inner\">\n\t\t<div class=\"elementor-element elementor-element-e957cea e-con-full e-flex e-con e-child\" data-id=\"e957cea\" data-element_type=\"container\" data-e-type=\"container\" data-settings=\"{&quot;jet_parallax_layout_list&quot;:[],&quot;ekit_has_onepagescroll_dot&quot;:&quot;yes&quot;}\">\n\t\t\t\t<div class=\"elementor-element elementor-element-7170b0e de_scroll_animation_no elementor-invisible elementor-widget elementor-widget-text-editor\" data-id=\"7170b0e\" data-element_type=\"widget\" data-e-type=\"widget\" data-settings=\"{&quot;_animation&quot;:&quot;fadeIn&quot;,&quot;ekit_we_effect_on&quot;:&quot;none&quot;}\" data-widget_type=\"text-editor.default\">\n\t\t\t\t<div class=\"elementor-widget-container\">\n\t\t\t\t\t\t\t\t\t<p>\u00c9nergie de la Grande Canarie<\/p>\t\t\t\t\t\t\t\t<\/div>\n\t\t\t\t<\/div>\n\t\t\t\t<div class=\"elementor-element elementor-element-d285456 de_scroll_animation_no elementor-invisible elementor-widget elementor-widget-heading\" data-id=\"d285456\" data-element_type=\"widget\" data-e-type=\"widget\" data-settings=\"{&quot;_animation&quot;:&quot;fadeIn&quot;,&quot;_animation_delay&quot;:200,&quot;ekit_we_effect_on&quot;:&quot;none&quot;}\" data-widget_type=\"heading.default\">\n\t\t\t\t<div class=\"elementor-widget-container\">\n\t\t\t\t\t<h2 class=\"elementor-heading-title elementor-size-default\">Embarquez pour une retraite de bien-\u00eatre \u00e0 Gran Canaria, o\u00f9 l'\u00e9nergie r\u00e9g\u00e9n\u00e9ratrice de la nature vous \u00e9treint. D\u00e9couvrez l'harmonie dans des paysages sereins et des plages de r\u00eave. Partagez des moments de pl\u00e9nitude et trouvez votre \u00e9quilibre.<\/h2>\t\t\t\t<\/div>\n\t\t\t\t<\/div>\n\t\t\t\t<div class=\"elementor-element elementor-element-767c830 de_scroll_animation_no elementor-widget elementor-widget-gallery\" data-id=\"767c830\" data-element_type=\"widget\" data-e-type=\"widget\" data-settings=\"{&quot;gallery_layout&quot;:&quot;justified&quot;,&quot;ideal_row_height&quot;:{&quot;unit&quot;:&quot;px&quot;,&quot;size&quot;:233,&quot;sizes&quot;:[]},&quot;lazyload&quot;:&quot;yes&quot;,&quot;ideal_row_height_tablet&quot;:{&quot;unit&quot;:&quot;px&quot;,&quot;size&quot;:150,&quot;sizes&quot;:[]},&quot;ideal_row_height_mobile&quot;:{&quot;unit&quot;:&quot;px&quot;,&quot;size&quot;:150,&quot;sizes&quot;:[]},&quot;gap&quot;:{&quot;unit&quot;:&quot;px&quot;,&quot;size&quot;:10,&quot;sizes&quot;:[]},&quot;gap_tablet&quot;:{&quot;unit&quot;:&quot;px&quot;,&quot;size&quot;:10,&quot;sizes&quot;:[]},&quot;gap_mobile&quot;:{&quot;unit&quot;:&quot;px&quot;,&quot;size&quot;:10,&quot;sizes&quot;:[]},&quot;link_to&quot;:&quot;file&quot;,&quot;overlay_background&quot;:&quot;yes&quot;,&quot;content_hover_animation&quot;:&quot;fade-in&quot;,&quot;ekit_we_effect_on&quot;:&quot;none&quot;}\" data-widget_type=\"gallery.default\">\n\t\t\t\t<div class=\"elementor-widget-container\">\n\t\t\t\t\t\t\t<div class=\"elementor-gallery__container\">\n\t\t\t\t\t\t\t<a class=\"e-gallery-item elementor-gallery-item elementor-animated-content\" href=\"https:\/\/calidoexperience.com\/wp-content\/uploads\/2023\/08\/wellness-2.jpeg\" data-elementor-open-lightbox=\"yes\" data-elementor-lightbox-slideshow=\"767c830\" data-elementor-lightbox-title=\"wellness 2\" data-e-action-hash=\"#elementor-action%3Aaction%3Dlightbox%26settings%3DeyJpZCI6MTI4MywidXJsIjoiaHR0cHM6XC9cL2NhbGlkb2V4cGVyaWVuY2UuY29tXC93cC1jb250ZW50XC91cGxvYWRzXC8yMDIzXC8wOFwvd2VsbG5lc3MtMi5qcGVnIiwic2xpZGVzaG93IjoiNzY3YzgzMCJ9\">\n\t\t\t\t\t<div class=\"e-gallery-image elementor-gallery-item__image\" data-thumbnail=\"https:\/\/calidoexperience.com\/wp-content\/uploads\/2023\/08\/wellness-2.jpeg\" data-width=\"1920\" data-height=\"1280\" aria-label=\"\" role=\"img\" ><\/div>\n\t\t\t\t\t\t\t\t\t\t\t<div class=\"elementor-gallery-item__overlay\"><\/div>\n\t\t\t\t\t\t\t\t\t\t\t\t\t\t<\/a>\n\t\t\t\t\t\t\t<a class=\"e-gallery-item elementor-gallery-item elementor-animated-content\" href=\"https:\/\/calidoexperience.com\/wp-content\/uploads\/2023\/08\/Wellness-3.jpeg\" data-elementor-open-lightbox=\"yes\" data-elementor-lightbox-slideshow=\"767c830\" data-elementor-lightbox-title=\"Wellness 3\" data-e-action-hash=\"#elementor-action%3Aaction%3Dlightbox%26settings%3DeyJpZCI6MTI4NCwidXJsIjoiaHR0cHM6XC9cL2NhbGlkb2V4cGVyaWVuY2UuY29tXC93cC1jb250ZW50XC91cGxvYWRzXC8yMDIzXC8wOFwvV2VsbG5lc3MtMy5qcGVnIiwic2xpZGVzaG93IjoiNzY3YzgzMCJ9\">\n\t\t\t\t\t<div class=\"e-gallery-image elementor-gallery-item__image\" data-thumbnail=\"https:\/\/calidoexperience.com\/wp-content\/uploads\/2023\/08\/Wellness-3.jpeg\" data-width=\"1440\" data-height=\"1800\" aria-label=\"\" role=\"img\" ><\/div>\n\t\t\t\t\t\t\t\t\t\t\t<div class=\"elementor-gallery-item__overlay\"><\/div>\n\t\t\t\t\t\t\t\t\t\t\t\t\t\t<\/a>\n\t\t\t\t\t\t\t<a class=\"e-gallery-item elementor-gallery-item elementor-animated-content\" href=\"https:\/\/calidoexperience.com\/wp-content\/uploads\/2023\/08\/wellness-5.jpeg\" data-elementor-open-lightbox=\"yes\" data-elementor-lightbox-slideshow=\"767c830\" data-elementor-lightbox-title=\"wellness 5\" data-e-action-hash=\"#elementor-action%3Aaction%3Dlightbox%26settings%3DeyJpZCI6MTI4NSwidXJsIjoiaHR0cHM6XC9cL2NhbGlkb2V4cGVyaWVuY2UuY29tXC93cC1jb250ZW50XC91cGxvYWRzXC8yMDIzXC8wOFwvd2VsbG5lc3MtNS5qcGVnIiwic2xpZGVzaG93IjoiNzY3YzgzMCJ9\">\n\t\t\t\t\t<div class=\"e-gallery-image elementor-gallery-item__image\" data-thumbnail=\"https:\/\/calidoexperience.com\/wp-content\/uploads\/2023\/08\/wellness-5.jpeg\" data-width=\"1440\" data-height=\"1791\" aria-label=\"\" role=\"img\" ><\/div>\n\t\t\t\t\t\t\t\t\t\t\t<div class=\"elementor-gallery-item__overlay\"><\/div>\n\t\t\t\t\t\t\t\t\t\t\t\t\t\t<\/a>\n\t\t\t\t\t\t\t<a class=\"e-gallery-item elementor-gallery-item elementor-animated-content\" href=\"https:\/\/calidoexperience.com\/wp-content\/uploads\/2023\/08\/wellness-6.jpeg\" data-elementor-open-lightbox=\"yes\" data-elementor-lightbox-slideshow=\"767c830\" data-elementor-lightbox-title=\"wellness 6\" data-e-action-hash=\"#elementor-action%3Aaction%3Dlightbox%26settings%3DeyJpZCI6MTI4NiwidXJsIjoiaHR0cHM6XC9cL2NhbGlkb2V4cGVyaWVuY2UuY29tXC93cC1jb250ZW50XC91cGxvYWRzXC8yMDIzXC8wOFwvd2VsbG5lc3MtNi5qcGVnIiwic2xpZGVzaG93IjoiNzY3YzgzMCJ9\">\n\t\t\t\t\t<div class=\"e-gallery-image elementor-gallery-item__image\" data-thumbnail=\"https:\/\/calidoexperience.com\/wp-content\/uploads\/2023\/08\/wellness-6.jpeg\" data-width=\"1440\" data-height=\"1440\" aria-label=\"\" role=\"img\" ><\/div>\n\t\t\t\t\t\t\t\t\t\t\t<div class=\"elementor-gallery-item__overlay\"><\/div>\n\t\t\t\t\t\t\t\t\t\t\t\t\t\t<\/a>\n\t\t\t\t\t\t\t<a class=\"e-gallery-item elementor-gallery-item elementor-animated-content\" href=\"https:\/\/calidoexperience.com\/wp-content\/uploads\/2023\/08\/Wellness1.jpeg\" data-elementor-open-lightbox=\"yes\" data-elementor-lightbox-slideshow=\"767c830\" data-elementor-lightbox-title=\"Wellness1\" data-e-action-hash=\"#elementor-action%3Aaction%3Dlightbox%26settings%3DeyJpZCI6MTI4NywidXJsIjoiaHR0cHM6XC9cL2NhbGlkb2V4cGVyaWVuY2UuY29tXC93cC1jb250ZW50XC91cGxvYWRzXC8yMDIzXC8wOFwvV2VsbG5lc3MxLmpwZWciLCJzbGlkZXNob3ciOiI3NjdjODMwIn0%3D\">\n\t\t\t\t\t<div class=\"e-gallery-image elementor-gallery-item__image\" data-thumbnail=\"https:\/\/calidoexperience.com\/wp-content\/uploads\/2023\/08\/Wellness1.jpeg\" data-width=\"810\" data-height=\"540\" aria-label=\"\" role=\"img\" ><\/div>\n\t\t\t\t\t\t\t\t\t\t\t<div class=\"elementor-gallery-item__overlay\"><\/div>\n\t\t\t\t\t\t\t\t\t\t\t\t\t\t<\/a>\n\t\t\t\t\t\t\t<a class=\"e-gallery-item elementor-gallery-item elementor-animated-content\" href=\"https:\/\/calidoexperience.com\/wp-content\/uploads\/2023\/08\/wellness4.jpeg\" data-elementor-open-lightbox=\"yes\" data-elementor-lightbox-slideshow=\"767c830\" data-elementor-lightbox-title=\"wellness4\" data-e-action-hash=\"#elementor-action%3Aaction%3Dlightbox%26settings%3DeyJpZCI6MTI4OCwidXJsIjoiaHR0cHM6XC9cL2NhbGlkb2V4cGVyaWVuY2UuY29tXC93cC1jb250ZW50XC91cGxvYWRzXC8yMDIzXC8wOFwvd2VsbG5lc3M0LmpwZWciLCJzbGlkZXNob3ciOiI3NjdjODMwIn0%3D\">\n\t\t\t\t\t<div class=\"e-gallery-image elementor-gallery-item__image\" data-thumbnail=\"https:\/\/calidoexperience.com\/wp-content\/uploads\/2023\/08\/wellness4.jpeg\" data-width=\"960\" data-height=\"960\" aria-label=\"\" role=\"img\" ><\/div>\n\t\t\t\t\t\t\t\t\t\t\t<div class=\"elementor-gallery-item__overlay\"><\/div>\n\t\t\t\t\t\t\t\t\t\t\t\t\t\t<\/a>\n\t\t\t\t\t\t\t<a class=\"e-gallery-item elementor-gallery-item elementor-animated-content\" href=\"https:\/\/calidoexperience.com\/wp-content\/uploads\/2023\/08\/dusk-sky-over-sea-in-the-evening-horizon-sunset-s-2023-08-02-06-52-59-utc-scaled.jpg\" data-elementor-open-lightbox=\"yes\" data-elementor-lightbox-slideshow=\"767c830\" data-elementor-lightbox-title=\"dusk-sky-over-sea-in-the-evening-horizon-sunset-s-2023-08-02-06-52-59-utc\" data-e-action-hash=\"#elementor-action%3Aaction%3Dlightbox%26settings%3DeyJpZCI6MTI5MCwidXJsIjoiaHR0cHM6XC9cL2NhbGlkb2V4cGVyaWVuY2UuY29tXC93cC1jb250ZW50XC91cGxvYWRzXC8yMDIzXC8wOFwvZHVzay1za3ktb3Zlci1zZWEtaW4tdGhlLWV2ZW5pbmctaG9yaXpvbi1zdW5zZXQtcy0yMDIzLTA4LTAyLTA2LTUyLTU5LXV0Yy1zY2FsZWQuanBnIiwic2xpZGVzaG93IjoiNzY3YzgzMCJ9\">\n\t\t\t\t\t<div class=\"e-gallery-image elementor-gallery-item__image\" data-thumbnail=\"https:\/\/calidoexperience.com\/wp-content\/uploads\/2023\/08\/dusk-sky-over-sea-in-the-evening-horizon-sunset-s-2023-08-02-06-52-59-utc-scaled.jpg\" data-width=\"2560\" data-height=\"1440\" aria-label=\"\" role=\"img\" ><\/div>\n\t\t\t\t\t\t\t\t\t\t\t<div class=\"elementor-gallery-item__overlay\"><\/div>\n\t\t\t\t\t\t\t\t\t\t\t\t\t\t<\/a>\n\t\t\t\t\t\t\t<a class=\"e-gallery-item elementor-gallery-item elementor-animated-content\" href=\"https:\/\/calidoexperience.com\/wp-content\/uploads\/2023\/08\/spa-and-wellness-setting-2021-08-26-23-04-01-utc-scaled.jpg\" data-elementor-open-lightbox=\"yes\" data-elementor-lightbox-slideshow=\"767c830\" data-elementor-lightbox-title=\"Spa and wellness setting\" data-e-action-hash=\"#elementor-action%3Aaction%3Dlightbox%26settings%3DeyJpZCI6MTI5MSwidXJsIjoiaHR0cHM6XC9cL2NhbGlkb2V4cGVyaWVuY2UuY29tXC93cC1jb250ZW50XC91cGxvYWRzXC8yMDIzXC8wOFwvc3BhLWFuZC13ZWxsbmVzcy1zZXR0aW5nLTIwMjEtMDgtMjYtMjMtMDQtMDEtdXRjLXNjYWxlZC5qcGciLCJzbGlkZXNob3ciOiI3NjdjODMwIn0%3D\">\n\t\t\t\t\t<div class=\"e-gallery-image elementor-gallery-item__image\" data-thumbnail=\"https:\/\/calidoexperience.com\/wp-content\/uploads\/2023\/08\/spa-and-wellness-setting-2021-08-26-23-04-01-utc-scaled.jpg\" data-width=\"2560\" data-height=\"1707\" aria-label=\"\" role=\"img\" ><\/div>\n\t\t\t\t\t\t\t\t\t\t\t<div class=\"elementor-gallery-item__overlay\"><\/div>\n\t\t\t\t\t\t\t\t\t\t\t\t\t\t<\/a>\n\t\t\t\t\t<\/div>\n\t\t\t\t\t<\/div>\n\t\t\t\t<\/div>\n\t\t\t\t<\/div>\n\t\t\t\t\t<\/div>\n\t\t\t\t<\/div>\n\t\t<div class=\"elementor-element elementor-element-7f02e48 e-flex e-con-boxed e-con e-parent\" data-id=\"7f02e48\" data-element_type=\"container\" data-e-type=\"container\" data-settings=\"{&quot;jet_parallax_layout_list&quot;:[],&quot;ekit_has_onepagescroll_dot&quot;:&quot;yes&quot;}\">\n\t\t\t\t\t<div class=\"e-con-inner\">\n\t\t<div class=\"elementor-element elementor-element-9ed93f7 e-con-full e-flex e-con e-child\" data-id=\"9ed93f7\" data-element_type=\"container\" data-e-type=\"container\" data-settings=\"{&quot;jet_parallax_layout_list&quot;:[],&quot;ekit_has_onepagescroll_dot&quot;:&quot;yes&quot;}\">\n\t\t<div class=\"elementor-element elementor-element-dd3215f e-con-full e-flex e-con e-child\" data-id=\"dd3215f\" data-element_type=\"container\" data-e-type=\"container\" data-settings=\"{&quot;jet_parallax_layout_list&quot;:[],&quot;ekit_has_onepagescroll_dot&quot;:&quot;yes&quot;}\">\n\t\t\t\t<div class=\"elementor-element elementor-element-fb5c4bc elementor-position-top de_scroll_animation_no elementor-invisible elementor-widget elementor-widget-image-box\" data-id=\"fb5c4bc\" data-element_type=\"widget\" data-e-type=\"widget\" data-settings=\"{&quot;_animation&quot;:&quot;fadeInDown&quot;,&quot;_animation_delay&quot;:400,&quot;ekit_we_effect_on&quot;:&quot;none&quot;}\" data-widget_type=\"image-box.default\">\n\t\t\t\t<div class=\"elementor-widget-container\">\n\t\t\t\t\t<div class=\"elementor-image-box-wrapper\"><figure class=\"elementor-image-box-img\"><a href=\"https:\/\/calidoexperience.com\/fr\/gastro\/\" tabindex=\"-1\"><img decoding=\"async\" width=\"128\" height=\"128\" src=\"https:\/\/calidoexperience.com\/wp-content\/uploads\/2023\/07\/cuchilleria.png\" class=\"attachment-full size-full wp-image-1011\" alt=\"\" \/><\/a><\/figure><div class=\"elementor-image-box-content\"><h3 class=\"elementor-image-box-title\"><a href=\"https:\/\/calidoexperience.com\/fr\/gastro\/\">Gastro<\/a><\/h3><p class=\"elementor-image-box-description\"> go\u00fbt<br> l'authentique<\/p><\/div><\/div>\t\t\t\t<\/div>\n\t\t\t\t<\/div>\n\t\t\t\t<\/div>\n\t\t<div class=\"elementor-element elementor-element-19b465e e-con-full e-flex e-con e-child\" data-id=\"19b465e\" data-element_type=\"container\" data-e-type=\"container\" data-settings=\"{&quot;jet_parallax_layout_list&quot;:[],&quot;ekit_has_onepagescroll_dot&quot;:&quot;yes&quot;}\">\n\t\t\t\t<div class=\"elementor-element elementor-element-002d8f9 elementor-position-top de_scroll_animation_no elementor-invisible elementor-widget elementor-widget-image-box\" data-id=\"002d8f9\" data-element_type=\"widget\" data-e-type=\"widget\" data-settings=\"{&quot;_animation&quot;:&quot;fadeInDown&quot;,&quot;_animation_delay&quot;:400,&quot;ekit_we_effect_on&quot;:&quot;none&quot;}\" data-widget_type=\"image-box.default\">\n\t\t\t\t<div class=\"elementor-widget-container\">\n\t\t\t\t\t<div class=\"elementor-image-box-wrapper\"><figure class=\"elementor-image-box-img\"><a href=\"https:\/\/calidoexperience.com\/fr\/atlantico\/\" tabindex=\"-1\"><img decoding=\"async\" width=\"128\" height=\"90\" src=\"https:\/\/calidoexperience.com\/wp-content\/uploads\/2023\/07\/atardecer-1-e1689855856546.png\" class=\"attachment-full size-full wp-image-1017\" alt=\"\" \/><\/a><\/figure><div class=\"elementor-image-box-content\"><h3 class=\"elementor-image-box-title\"><a href=\"https:\/\/calidoexperience.com\/fr\/atlantico\/\">Atlantique<\/a><\/h3><p class=\"elementor-image-box-description\">avec la brise inimitable de l'oc\u00e9an Atlantique<\/p><\/div><\/div>\t\t\t\t<\/div>\n\t\t\t\t<\/div>\n\t\t\t\t<\/div>\n\t\t<div class=\"elementor-element elementor-element-f19321b e-con-full e-flex e-con e-child\" data-id=\"f19321b\" data-element_type=\"container\" data-e-type=\"container\" data-settings=\"{&quot;jet_parallax_layout_list&quot;:[],&quot;ekit_has_onepagescroll_dot&quot;:&quot;yes&quot;}\">\n\t\t\t\t<div class=\"elementor-element elementor-element-24e13ae elementor-position-top de_scroll_animation_no elementor-invisible elementor-widget elementor-widget-image-box\" data-id=\"24e13ae\" data-element_type=\"widget\" data-e-type=\"widget\" data-settings=\"{&quot;_animation&quot;:&quot;fadeInDown&quot;,&quot;_animation_delay&quot;:400,&quot;ekit_we_effect_on&quot;:&quot;none&quot;}\" data-widget_type=\"image-box.default\">\n\t\t\t\t<div class=\"elementor-widget-container\">\n\t\t\t\t\t<div class=\"elementor-image-box-wrapper\"><figure class=\"elementor-image-box-img\"><a href=\"https:\/\/calidoexperience.com\/fr\/cultura\/\" tabindex=\"-1\"><img decoding=\"async\" width=\"128\" height=\"128\" src=\"https:\/\/calidoexperience.com\/wp-content\/uploads\/2023\/07\/entradas.png\" class=\"attachment-full size-full wp-image-1018\" alt=\"\" \/><\/a><\/figure><div class=\"elementor-image-box-content\"><h3 class=\"elementor-image-box-title\"><a href=\"https:\/\/calidoexperience.com\/fr\/cultura\/\">Culture<\/a><\/h3><p class=\"elementor-image-box-description\">conna\u00eetre notre essence, notre mode de vie, notre histoire<\/p><\/div><\/div>\t\t\t\t<\/div>\n\t\t\t\t<\/div>\n\t\t\t\t<\/div>\n\t\t<div class=\"elementor-element elementor-element-4cb4925 e-con-full e-flex e-con e-child\" data-id=\"4cb4925\" data-element_type=\"container\" data-e-type=\"container\" data-settings=\"{&quot;jet_parallax_layout_list&quot;:[],&quot;ekit_has_onepagescroll_dot&quot;:&quot;yes&quot;}\">\n\t\t\t\t<div class=\"elementor-element elementor-element-98bf55d elementor-position-top de_scroll_animation_no elementor-invisible elementor-widget elementor-widget-image-box\" data-id=\"98bf55d\" data-element_type=\"widget\" data-e-type=\"widget\" data-settings=\"{&quot;_animation&quot;:&quot;fadeInDown&quot;,&quot;_animation_delay&quot;:400,&quot;ekit_we_effect_on&quot;:&quot;none&quot;}\" data-widget_type=\"image-box.default\">\n\t\t\t\t<div class=\"elementor-widget-container\">\n\t\t\t\t\t<div class=\"elementor-image-box-wrapper\"><figure class=\"elementor-image-box-img\"><a href=\"https:\/\/calidoexperience.com\/fr\/interior\/\" tabindex=\"-1\"><img loading=\"lazy\" decoding=\"async\" width=\"128\" height=\"128\" src=\"https:\/\/calidoexperience.com\/wp-content\/uploads\/2023\/07\/mapa-y-ubicacion.png\" class=\"attachment-full size-full wp-image-1023\" alt=\"\" \/><\/a><\/figure><div class=\"elementor-image-box-content\"><h3 class=\"elementor-image-box-title\"><a href=\"https:\/\/calidoexperience.com\/fr\/interior\/\">A l'int\u00e9rieur<\/a><\/h3><p class=\"elementor-image-box-description\">Nous vous emmenons vers une Grande Canarie inconnue<\/p><\/div><\/div>\t\t\t\t<\/div>\n\t\t\t\t<\/div>\n\t\t\t\t<\/div>\n\t\t<div class=\"elementor-element elementor-element-f03877b e-con-full e-flex e-con e-child\" data-id=\"f03877b\" data-element_type=\"container\" data-e-type=\"container\" data-settings=\"{&quot;jet_parallax_layout_list&quot;:[],&quot;ekit_has_onepagescroll_dot&quot;:&quot;yes&quot;}\">\n\t\t\t\t<div class=\"elementor-element elementor-element-4a9f33e elementor-position-top de_scroll_animation_no elementor-invisible elementor-widget elementor-widget-image-box\" data-id=\"4a9f33e\" data-element_type=\"widget\" data-e-type=\"widget\" data-settings=\"{&quot;_animation&quot;:&quot;fadeInDown&quot;,&quot;_animation_delay&quot;:400,&quot;ekit_we_effect_on&quot;:&quot;none&quot;}\" data-widget_type=\"image-box.default\">\n\t\t\t\t<div class=\"elementor-widget-container\">\n\t\t\t\t\t<div class=\"elementor-image-box-wrapper\"><figure class=\"elementor-image-box-img\"><a href=\"https:\/\/calidoexperience.com\/fr\/wellness\/\" tabindex=\"-1\"><img loading=\"lazy\" decoding=\"async\" width=\"128\" height=\"128\" src=\"https:\/\/calidoexperience.com\/wp-content\/uploads\/2023\/08\/piedras-relajantes.png\" class=\"attachment-full size-full wp-image-1276\" alt=\"\" srcset=\"https:\/\/calidoexperience.com\/wp-content\/uploads\/2023\/08\/piedras-relajantes.png 128w, https:\/\/calidoexperience.com\/wp-content\/uploads\/2023\/08\/piedras-relajantes-12x12.png 12w\" sizes=\"(max-width: 128px) 100vw, 128px\" \/><\/a><\/figure><div class=\"elementor-image-box-content\"><h3 class=\"elementor-image-box-title\"><a href=\"https:\/\/calidoexperience.com\/fr\/wellness\/\">Bien-\u00eatre<\/a><\/h3><p class=\"elementor-image-box-description\">d\u00e9couvrir et partager l'\u00e9nergie de cette \u00eele <\/p><\/div><\/div>\t\t\t\t<\/div>\n\t\t\t\t<\/div>\n\t\t\t\t<\/div>\n\t\t<div class=\"elementor-element elementor-element-e5dc1cf e-con-full e-flex e-con e-child\" data-id=\"e5dc1cf\" data-element_type=\"container\" data-e-type=\"container\" data-settings=\"{&quot;jet_parallax_layout_list&quot;:[],&quot;ekit_has_onepagescroll_dot&quot;:&quot;yes&quot;}\">\n\t\t\t\t<div class=\"elementor-element elementor-element-57c53c2 elementor-position-top de_scroll_animation_no elementor-invisible elementor-widget elementor-widget-image-box\" data-id=\"57c53c2\" data-element_type=\"widget\" data-e-type=\"widget\" data-settings=\"{&quot;_animation&quot;:&quot;fadeInDown&quot;,&quot;_animation_delay&quot;:400,&quot;ekit_we_effect_on&quot;:&quot;none&quot;}\" data-widget_type=\"image-box.default\">\n\t\t\t\t<div class=\"elementor-widget-container\">\n\t\t\t\t\t<div class=\"elementor-image-box-wrapper\"><figure class=\"elementor-image-box-img\"><a href=\"https:\/\/calidoexperience.com\/fr\/calido-real-state\/\" tabindex=\"-1\"><img loading=\"lazy\" decoding=\"async\" width=\"128\" height=\"128\" src=\"https:\/\/calidoexperience.com\/wp-content\/uploads\/2023\/11\/acuerdo.png\" class=\"attachment-full size-full wp-image-1442\" alt=\"\" srcset=\"https:\/\/calidoexperience.com\/wp-content\/uploads\/2023\/11\/acuerdo.png 128w, https:\/\/calidoexperience.com\/wp-content\/uploads\/2023\/11\/acuerdo-12x12.png 12w\" sizes=\"(max-width: 128px) 100vw, 128px\" \/><\/a><\/figure><div class=\"elementor-image-box-content\"><h3 class=\"elementor-image-box-title\"><a href=\"https:\/\/calidoexperience.com\/fr\/calido-real-state\/\">\u00c9tat r\u00e9el<\/a><\/h3><p class=\"elementor-image-box-description\">large gamme de\nmaisons de luxe<\/p><\/div><\/div>\t\t\t\t<\/div>\n\t\t\t\t<\/div>\n\t\t\t\t<\/div>\n\t\t<div class=\"elementor-element elementor-element-c598fec e-con-full e-flex e-con e-child\" data-id=\"c598fec\" data-element_type=\"container\" data-e-type=\"container\" data-settings=\"{&quot;jet_parallax_layout_list&quot;:[],&quot;ekit_has_onepagescroll_dot&quot;:&quot;yes&quot;}\">\n\t\t\t\t<div class=\"elementor-element elementor-element-0aba300 elementor-position-top de_scroll_animation_no elementor-invisible elementor-widget elementor-widget-image-box\" data-id=\"0aba300\" data-element_type=\"widget\" data-e-type=\"widget\" data-settings=\"{&quot;_animation&quot;:&quot;fadeInDown&quot;,&quot;_animation_delay&quot;:400,&quot;ekit_we_effect_on&quot;:&quot;none&quot;}\" data-widget_type=\"image-box.default\">\n\t\t\t\t<div class=\"elementor-widget-container\">\n\t\t\t\t\t<div class=\"elementor-image-box-wrapper\"><figure class=\"elementor-image-box-img\"><a href=\"https:\/\/calidoexperience.com\/fr\/green-gran-canaria\/\" tabindex=\"-1\"><img loading=\"lazy\" decoding=\"async\" width=\"128\" height=\"128\" src=\"https:\/\/calidoexperience.com\/wp-content\/uploads\/2023\/07\/salve-el-planeta-1.png\" class=\"attachment-full size-full wp-image-1028\" alt=\"\" \/><\/a><\/figure><div class=\"elementor-image-box-content\"><h3 class=\"elementor-image-box-title\"><a href=\"https:\/\/calidoexperience.com\/fr\/green-gran-canaria\/\">La Canarie verte<\/a><\/h3><p class=\"elementor-image-box-description\">notre essence dans un environnement durable<\/p><\/div><\/div>\t\t\t\t<\/div>\n\t\t\t\t<\/div>\n\t\t\t\t<\/div>\n\t\t\t\t<\/div>\n\t\t\t\t\t<\/div>\n\t\t\t\t<\/div>\n\t\t\t\t<\/div>","protected":false},"excerpt":{"rendered":"<p>L'\u00e9nergie de la Grande Canarie Embarquez pour une retraite de bien-\u00eatre \u00e0 la Grande Canarie, o\u00f9 l'\u00e9nergie r\u00e9g\u00e9n\u00e9ratrice de la nature vous \u00e9treint. D\u00e9couvrez l'harmonie dans des paysages sereins et des plages de r\u00eave. Partagez des moments de pl\u00e9nitude et trouvez votre \u00e9quilibre. Gastro Go\u00fbtez l'Atlantique authentique avec la brise inimitable de l'oc\u00e9an Atlantique Culturez avec les [...]<\/p>","protected":false},"author":1,"featured_media":0,"parent":0,"menu_order":0,"comment_status":"closed","ping_status":"closed","template":"","meta":{"footnotes":""},"class_list":["post-1280","page","type-page","status-publish","hentry"],"_links":{"self":[{"href":"https:\/\/calidoexperience.com\/fr\/wp-json\/wp\/v2\/pages\/1280","targetHints":{"allow":["GET"]}}],"collection":[{"href":"https:\/\/calidoexperience.com\/fr\/wp-json\/wp\/v2\/pages"}],"about":[{"href":"https:\/\/calidoexperience.com\/fr\/wp-json\/wp\/v2\/types\/page"}],"author":[{"embeddable":true,"href":"https:\/\/calidoexperience.com\/fr\/wp-json\/wp\/v2\/users\/1"}],"replies":[{"embeddable":true,"href":"https:\/\/calidoexperience.com\/fr\/wp-json\/wp\/v2\/comments?post=1280"}],"version-history":[{"count":37,"href":"https:\/\/calidoexperience.com\/fr\/wp-json\/wp\/v2\/pages\/1280\/revisions"}],"predecessor-version":[{"id":1494,"href":"https:\/\/calidoexperience.com\/fr\/wp-json\/wp\/v2\/pages\/1280\/revisions\/1494"}],"wp:attachment":[{"href":"https:\/\/calidoexperience.com\/fr\/wp-json\/wp\/v2\/media?parent=1280"}],"curies":[{"name":"wp","href":"https:\/\/api.w.org\/{rel}","templated":true}]}}