{"id":1850,"date":"2024-03-12T11:37:36","date_gmt":"2024-03-12T11:37:36","guid":{"rendered":"https:\/\/calidoexperience.com\/?page_id=1850"},"modified":"2024-11-15T10:34:19","modified_gmt":"2024-11-15T10:34:19","slug":"calido-media","status":"publish","type":"page","link":"https:\/\/calidoexperience.com\/fr\/calido-media\/","title":{"rendered":"Chaud Moyen"},"content":{"rendered":"<div data-elementor-type=\"wp-page\" data-elementor-id=\"1850\" class=\"elementor elementor-1850\" data-elementor-post-type=\"page\">\n\t\t\t\t<div class=\"elementor-element elementor-element-3b65425e e-con-full e-flex e-con e-parent\" data-id=\"3b65425e\" data-element_type=\"container\" data-e-type=\"container\" data-settings=\"{&quot;background_background&quot;:&quot;classic&quot;,&quot;jet_parallax_layout_list&quot;:[],&quot;ekit_has_onepagescroll_dot&quot;:&quot;yes&quot;}\">\n\t\t\t\t<\/div>\n\t\t<div class=\"elementor-element elementor-element-6f80941c e-flex e-con-boxed e-con e-parent\" data-id=\"6f80941c\" data-element_type=\"container\" data-e-type=\"container\" data-settings=\"{&quot;jet_parallax_layout_list&quot;:[],&quot;ekit_has_onepagescroll_dot&quot;:&quot;yes&quot;}\">\n\t\t\t\t\t<div class=\"e-con-inner\">\n\t\t<div class=\"elementor-element elementor-element-5c6c2c0c e-con-full e-flex e-con e-child\" data-id=\"5c6c2c0c\" data-element_type=\"container\" data-e-type=\"container\" data-settings=\"{&quot;jet_parallax_layout_list&quot;:[],&quot;ekit_has_onepagescroll_dot&quot;:&quot;yes&quot;}\">\n\t\t\t\t<div class=\"elementor-element elementor-element-3a5805f5 de_scroll_animation_no elementor-invisible elementor-widget elementor-widget-text-editor\" data-id=\"3a5805f5\" data-element_type=\"widget\" data-e-type=\"widget\" data-settings=\"{&quot;_animation&quot;:&quot;fadeIn&quot;,&quot;ekit_we_effect_on&quot;:&quot;none&quot;}\" data-widget_type=\"text-editor.default\">\n\t\t\t\t<div class=\"elementor-widget-container\">\n\t\t\t\t\t\t\t\t\t<p>moiti\u00e9<\/p>\t\t\t\t\t\t\t\t<\/div>\n\t\t\t\t<\/div>\n\t\t\t\t<div class=\"elementor-element elementor-element-194ac1ba de_scroll_animation_no elementor-invisible elementor-widget elementor-widget-heading\" data-id=\"194ac1ba\" data-element_type=\"widget\" data-e-type=\"widget\" data-settings=\"{&quot;_animation&quot;:&quot;fadeIn&quot;,&quot;_animation_delay&quot;:200,&quot;ekit_we_effect_on&quot;:&quot;none&quot;}\" data-widget_type=\"heading.default\">\n\t\t\t\t<div class=\"elementor-widget-container\">\n\t\t\t\t\t<h2 class=\"elementor-heading-title elementor-size-default\">Dans cette section, vous trouverez toutes les nouvelles parues dans les m\u00e9dias qui parlent de nous.<\/h2>\t\t\t\t<\/div>\n\t\t\t\t<\/div>\n\t\t\t\t<\/div>\n\t\t\t\t\t<\/div>\n\t\t\t\t<\/div>\n\t\t\t\t<section class=\"elementor-section elementor-top-section elementor-element elementor-element-f9db23b elementor-section-full_width elementor-section-height-default elementor-section-height-default\" data-id=\"f9db23b\" data-element_type=\"section\" data-e-type=\"section\" data-settings=\"{&quot;jet_parallax_layout_list&quot;:[],&quot;ekit_has_onepagescroll_dot&quot;:&quot;yes&quot;}\">\n\t\t\t\t\t\t<div class=\"elementor-container elementor-column-gap-default\">\n\t\t\t\t\t<div class=\"elementor-column elementor-col-100 elementor-top-column elementor-element elementor-element-50f443a elementor-invisible\" data-id=\"50f443a\" data-element_type=\"column\" data-e-type=\"column\" data-settings=\"{&quot;animation&quot;:&quot;fadeInLeft&quot;,&quot;background_background&quot;:&quot;gradient&quot;}\">\n\t\t\t<div class=\"elementor-widget-wrap elementor-element-populated\">\n\t\t\t\t<div class=\"elementor-element elementor-element-87a116d e-con-full e-flex elementor-invisible e-con e-parent\" data-id=\"87a116d\" data-element_type=\"container\" data-e-type=\"container\" data-settings=\"{&quot;animation&quot;:&quot;fadeInRight&quot;,&quot;jet_parallax_layout_list&quot;:[],&quot;ekit_has_onepagescroll_dot&quot;:&quot;yes&quot;}\">\n\t\t<div class=\"elementor-element elementor-element-9f465c1 e-con-full e-flex e-con e-child\" data-id=\"9f465c1\" data-element_type=\"container\" data-e-type=\"container\" data-settings=\"{&quot;jet_parallax_layout_list&quot;:[],&quot;ekit_has_onepagescroll_dot&quot;:&quot;yes&quot;}\">\n\t\t\t\t<div class=\"elementor-element elementor-element-188bb64 de_scroll_animation_no elementor-invisible elementor-widget elementor-widget-text-editor\" data-id=\"188bb64\" data-element_type=\"widget\" data-e-type=\"widget\" data-settings=\"{&quot;_animation&quot;:&quot;fadeIn&quot;,&quot;ekit_we_effect_on&quot;:&quot;none&quot;}\" data-widget_type=\"text-editor.default\">\n\t\t\t\t<div class=\"elementor-widget-container\">\n\t\t\t\t\t\t\t\t\t<p>\u00ceLES CANARIES 7<\/p>\t\t\t\t\t\t\t\t<\/div>\n\t\t\t\t<\/div>\n\t\t\t\t<div class=\"elementor-element elementor-element-6458ecc de_scroll_animation_no elementor-invisible elementor-widget elementor-widget-heading\" data-id=\"6458ecc\" data-element_type=\"widget\" data-e-type=\"widget\" data-settings=\"{&quot;_animation&quot;:&quot;fadeIn&quot;,&quot;_animation_delay&quot;:200,&quot;ekit_we_effect_on&quot;:&quot;none&quot;}\" data-widget_type=\"heading.default\">\n\t\t\t\t<div class=\"elementor-widget-container\">\n\t\t\t\t\t<h2 class=\"elementor-heading-title elementor-size-default\">Nous apparaissons dans le journal ABC<\/h2>\t\t\t\t<\/div>\n\t\t\t\t<\/div>\n\t\t\t\t<div class=\"elementor-element elementor-element-31285be de_scroll_animation_no elementor-invisible elementor-widget elementor-widget-text-editor\" data-id=\"31285be\" data-element_type=\"widget\" data-e-type=\"widget\" data-settings=\"{&quot;_animation&quot;:&quot;fadeIn&quot;,&quot;_animation_delay&quot;:400,&quot;ekit_we_effect_on&quot;:&quot;none&quot;}\" data-widget_type=\"text-editor.default\">\n\t\t\t\t<div class=\"elementor-widget-container\">\n\t\t\t\t\t\t\t\t\t<p>Article publi\u00e9 dans le journal ABC, dans sa section voyage, journal Canarias 7, le 22 octobre de cette ann\u00e9e 2024.<\/p>\t\t\t\t\t\t\t\t<\/div>\n\t\t\t\t<\/div>\n\t\t\t\t<div class=\"elementor-element elementor-element-e42f0cc elementor-align-left de_scroll_animation_no elementor-invisible elementor-widget elementor-widget-button\" data-id=\"e42f0cc\" data-element_type=\"widget\" data-e-type=\"widget\" data-settings=\"{&quot;_animation&quot;:&quot;fadeIn&quot;,&quot;_animation_delay&quot;:600,&quot;ekit_we_effect_on&quot;:&quot;none&quot;}\" data-widget_type=\"button.default\">\n\t\t\t\t<div class=\"elementor-widget-container\">\n\t\t\t\t\t\t\t\t\t<div class=\"elementor-button-wrapper\">\n\t\t\t\t\t<a class=\"elementor-button elementor-button-link elementor-size-sm\" href=\"https:\/\/www.abc.es\/viajar\/alojamientos\/hotel-antiguo-canarias-pasaron-agatha-christie-ava-20241106230300-nt.html?fbclid=PAY2xjawGaB7pleHRuA2FlbQIxMQABpu4n6Qw_uIn_lzfxruO6HZgjxhddS-tjAFGsbEHDY5cx7aCJ2p-efi4rAA_aem_1qMZSNJY47lVge5BrpoWxQ&#038;ref=https%3A%2F%2Fwww.abc.es%2Fviajar%2Falojamientos%2Fhotel-antiguo-canarias-pasaron-agatha-christie-ava-20241106230300-nt.html%3Ffbclid%3DPAY2xjawGaB7pleHRuA2FlbQIxMQABpu4n6Qw_uIn_lzfxruO6HZgjxhddS-tjAFGsbEHDY5cx7aCJ2p-efi4rAA_aem_1qMZSNJY47lVge5BrpoWxQhttps%3A%2F%2Fwww.abc.es%2Fviajar%2Falojamientos%2Fhotel-antiguo-canarias-pasaron-agatha-christie-ava-20241106230300-nt.html%3Ffbclid%3DPAY2xjawGaB7pleHRuA2FlbQIxMQABpu4n6Qw_uIn_lzfxruO6HZgjxhddS-tjAFGsbEHDY5cx7aCJ2p-efi4rAA_aem_1qMZSNJY47lVge5BrpoWxQhttps%3A%2F%2Fwww.abc.es%2Fviajar%2Falojamientos%2Fhotel-antiguo-canarias-pasaron-agatha-christie-ava-20241106230300-nt.html%3Ffbclid%3DPAY2xjawGaB7pleHRuA2FlbQIxMQABpu4n6Qw_uIn_lzfxruO6HZgjxhddS-tjAFGsbEHDY5cx7aCJ2p-efi4rAA_aem_1qMZSNJY47lVge5BrpoWxQ\">\n\t\t\t\t\t\t<span class=\"elementor-button-content-wrapper\">\n\t\t\t\t\t\t\t\t\t<span class=\"elementor-button-text\">Voir ARTICLE<\/span>\n\t\t\t\t\t<\/span>\n\t\t\t\t\t<\/a>\n\t\t\t\t<\/div>\n\t\t\t\t\t\t\t\t<\/div>\n\t\t\t\t<\/div>\n\t\t\t\t<\/div>\n\t\t<div class=\"elementor-element elementor-element-821baf8 e-con-full e-flex e-con e-child\" data-id=\"821baf8\" data-element_type=\"container\" data-e-type=\"container\" data-settings=\"{&quot;jet_parallax_layout_list&quot;:[],&quot;ekit_has_onepagescroll_dot&quot;:&quot;yes&quot;}\">\n\t\t\t\t<div class=\"elementor-element elementor-element-934e1ff de_scroll_animation_no elementor-widget elementor-widget-image\" data-id=\"934e1ff\" data-element_type=\"widget\" data-e-type=\"widget\" data-settings=\"{&quot;ekit_we_effect_on&quot;:&quot;none&quot;}\" data-widget_type=\"image.default\">\n\t\t\t\t<div class=\"elementor-widget-container\">\n\t\t\t\t\t\t\t\t\t\t\t\t\t\t\t<img fetchpriority=\"high\" decoding=\"async\" width=\"800\" height=\"560\" src=\"https:\/\/calidoexperience.com\/wp-content\/uploads\/2024\/11\/IMG_03462-RaSieMtdrBEGNeV3zujFy9H-1200x840@diario_abc-1024x717.webp\" class=\"attachment-large size-large wp-image-2421\" alt=\"\" srcset=\"https:\/\/calidoexperience.com\/wp-content\/uploads\/2024\/11\/IMG_03462-RaSieMtdrBEGNeV3zujFy9H-1200x840@diario_abc-1024x717.webp 1024w, https:\/\/calidoexperience.com\/wp-content\/uploads\/2024\/11\/IMG_03462-RaSieMtdrBEGNeV3zujFy9H-1200x840@diario_abc-300x210.webp 300w, https:\/\/calidoexperience.com\/wp-content\/uploads\/2024\/11\/IMG_03462-RaSieMtdrBEGNeV3zujFy9H-1200x840@diario_abc-768x538.webp 768w, https:\/\/calidoexperience.com\/wp-content\/uploads\/2024\/11\/IMG_03462-RaSieMtdrBEGNeV3zujFy9H-1200x840@diario_abc-18x12.webp 18w, https:\/\/calidoexperience.com\/wp-content\/uploads\/2024\/11\/IMG_03462-RaSieMtdrBEGNeV3zujFy9H-1200x840@diario_abc.webp 1200w\" sizes=\"(max-width: 800px) 100vw, 800px\" \/>\t\t\t\t\t\t\t\t\t\t\t\t\t\t\t<\/div>\n\t\t\t\t<\/div>\n\t\t\t\t<\/div>\n\t\t\t\t<\/div>\n\t\t<div class=\"elementor-element elementor-element-6d8c67c e-con-full e-flex elementor-invisible e-con e-parent\" data-id=\"6d8c67c\" data-element_type=\"container\" data-e-type=\"container\" data-settings=\"{&quot;animation&quot;:&quot;fadeInRight&quot;,&quot;jet_parallax_layout_list&quot;:[],&quot;ekit_has_onepagescroll_dot&quot;:&quot;yes&quot;}\">\n\t\t<div class=\"elementor-element elementor-element-b7ffa1c e-con-full e-flex e-con e-child\" data-id=\"b7ffa1c\" data-element_type=\"container\" data-e-type=\"container\" data-settings=\"{&quot;jet_parallax_layout_list&quot;:[],&quot;ekit_has_onepagescroll_dot&quot;:&quot;yes&quot;}\">\n\t\t\t\t<div class=\"elementor-element elementor-element-632cfd7 de_scroll_animation_no elementor-invisible elementor-widget elementor-widget-text-editor\" data-id=\"632cfd7\" data-element_type=\"widget\" data-e-type=\"widget\" data-settings=\"{&quot;_animation&quot;:&quot;fadeIn&quot;,&quot;ekit_we_effect_on&quot;:&quot;none&quot;}\" data-widget_type=\"text-editor.default\">\n\t\t\t\t<div class=\"elementor-widget-container\">\n\t\t\t\t\t\t\t\t\t<p>\u00ceLES CANARIES 7<\/p>\t\t\t\t\t\t\t\t<\/div>\n\t\t\t\t<\/div>\n\t\t\t\t<div class=\"elementor-element elementor-element-bc0c70d de_scroll_animation_no elementor-invisible elementor-widget elementor-widget-heading\" data-id=\"bc0c70d\" data-element_type=\"widget\" data-e-type=\"widget\" data-settings=\"{&quot;_animation&quot;:&quot;fadeIn&quot;,&quot;_animation_delay&quot;:200,&quot;ekit_we_effect_on&quot;:&quot;none&quot;}\" data-widget_type=\"heading.default\">\n\t\t\t\t<div class=\"elementor-widget-container\">\n\t\t\t\t\t<h2 class=\"elementor-heading-title elementor-size-default\">Exp\u00e9rience chaleureuse lors de l'\u00e9v\u00e9nement gastronomique de l'ann\u00e9e<\/h2>\t\t\t\t<\/div>\n\t\t\t\t<\/div>\n\t\t\t\t<div class=\"elementor-element elementor-element-6a02fb6 de_scroll_animation_no elementor-invisible elementor-widget elementor-widget-text-editor\" data-id=\"6a02fb6\" data-element_type=\"widget\" data-e-type=\"widget\" data-settings=\"{&quot;_animation&quot;:&quot;fadeIn&quot;,&quot;_animation_delay&quot;:400,&quot;ekit_we_effect_on&quot;:&quot;none&quot;}\" data-widget_type=\"text-editor.default\">\n\t\t\t\t<div class=\"elementor-widget-container\">\n\t\t\t\t\t\t\t\t\t<p>Article publi\u00e9 dans le journal Canarias 7, le 22 octobre de cette ann\u00e9e.<\/p>\t\t\t\t\t\t\t\t<\/div>\n\t\t\t\t<\/div>\n\t\t\t\t<div class=\"elementor-element elementor-element-47a6092 elementor-align-left de_scroll_animation_no elementor-invisible elementor-widget elementor-widget-button\" data-id=\"47a6092\" data-element_type=\"widget\" data-e-type=\"widget\" data-settings=\"{&quot;_animation&quot;:&quot;fadeIn&quot;,&quot;_animation_delay&quot;:600,&quot;ekit_we_effect_on&quot;:&quot;none&quot;}\" data-widget_type=\"button.default\">\n\t\t\t\t<div class=\"elementor-widget-container\">\n\t\t\t\t\t\t\t\t\t<div class=\"elementor-button-wrapper\">\n\t\t\t\t\t<a class=\"elementor-button elementor-button-link elementor-size-sm\" href=\"https:\/\/www.canarias7.es\/gastronomia-c7\/restaurantes\/evento-ano-puedes-perder-20241022140550-nt.html\">\n\t\t\t\t\t\t<span class=\"elementor-button-content-wrapper\">\n\t\t\t\t\t\t\t\t\t<span class=\"elementor-button-text\">Voir ARTICLE<\/span>\n\t\t\t\t\t<\/span>\n\t\t\t\t\t<\/a>\n\t\t\t\t<\/div>\n\t\t\t\t\t\t\t\t<\/div>\n\t\t\t\t<\/div>\n\t\t\t\t<\/div>\n\t\t<div class=\"elementor-element elementor-element-d2a4f7f e-con-full e-flex e-con e-child\" data-id=\"d2a4f7f\" data-element_type=\"container\" data-e-type=\"container\" data-settings=\"{&quot;jet_parallax_layout_list&quot;:[],&quot;ekit_has_onepagescroll_dot&quot;:&quot;yes&quot;}\">\n\t\t\t\t<div class=\"elementor-element elementor-element-0cd77a8 de_scroll_animation_no elementor-widget elementor-widget-image\" data-id=\"0cd77a8\" data-element_type=\"widget\" data-e-type=\"widget\" data-settings=\"{&quot;ekit_we_effect_on&quot;:&quot;none&quot;}\" data-widget_type=\"image.default\">\n\t\t\t\t<div class=\"elementor-widget-container\">\n\t\t\t\t\t\t\t\t\t\t\t\t\t\t\t<img decoding=\"async\" width=\"800\" height=\"560\" src=\"https:\/\/calidoexperience.com\/wp-content\/uploads\/2024\/11\/culler-de-pau-2-k9fC-U2201574741614FoB-1200x840@Canarias7-1024x717.webp\" class=\"attachment-large size-large wp-image-2417\" alt=\"\" srcset=\"https:\/\/calidoexperience.com\/wp-content\/uploads\/2024\/11\/culler-de-pau-2-k9fC-U2201574741614FoB-1200x840@Canarias7-1024x717.webp 1024w, https:\/\/calidoexperience.com\/wp-content\/uploads\/2024\/11\/culler-de-pau-2-k9fC-U2201574741614FoB-1200x840@Canarias7-300x210.webp 300w, https:\/\/calidoexperience.com\/wp-content\/uploads\/2024\/11\/culler-de-pau-2-k9fC-U2201574741614FoB-1200x840@Canarias7-768x538.webp 768w, https:\/\/calidoexperience.com\/wp-content\/uploads\/2024\/11\/culler-de-pau-2-k9fC-U2201574741614FoB-1200x840@Canarias7-18x12.webp 18w, https:\/\/calidoexperience.com\/wp-content\/uploads\/2024\/11\/culler-de-pau-2-k9fC-U2201574741614FoB-1200x840@Canarias7.webp 1200w\" sizes=\"(max-width: 800px) 100vw, 800px\" \/>\t\t\t\t\t\t\t\t\t\t\t\t\t\t\t<\/div>\n\t\t\t\t<\/div>\n\t\t\t\t<\/div>\n\t\t\t\t<\/div>\n\t\t<div class=\"elementor-element elementor-element-03f1a2b e-con-full e-flex elementor-invisible e-con e-parent\" data-id=\"03f1a2b\" data-element_type=\"container\" data-e-type=\"container\" data-settings=\"{&quot;animation&quot;:&quot;fadeInRight&quot;,&quot;jet_parallax_layout_list&quot;:[],&quot;ekit_has_onepagescroll_dot&quot;:&quot;yes&quot;}\">\n\t\t<div class=\"elementor-element elementor-element-4a9c01d e-con-full e-flex e-con e-child\" data-id=\"4a9c01d\" data-element_type=\"container\" data-e-type=\"container\" data-settings=\"{&quot;jet_parallax_layout_list&quot;:[],&quot;ekit_has_onepagescroll_dot&quot;:&quot;yes&quot;}\">\n\t\t\t\t<div class=\"elementor-element elementor-element-8c76938 de_scroll_animation_no elementor-invisible elementor-widget elementor-widget-text-editor\" data-id=\"8c76938\" data-element_type=\"widget\" data-e-type=\"widget\" data-settings=\"{&quot;_animation&quot;:&quot;fadeIn&quot;,&quot;ekit_we_effect_on&quot;:&quot;none&quot;}\" data-widget_type=\"text-editor.default\">\n\t\t\t\t<div class=\"elementor-widget-container\">\n\t\t\t\t\t\t\t\t\t<p>\u00ceLES CANARIES 7<\/p>\t\t\t\t\t\t\t\t<\/div>\n\t\t\t\t<\/div>\n\t\t\t\t<div class=\"elementor-element elementor-element-26a203c de_scroll_animation_no elementor-invisible elementor-widget elementor-widget-heading\" data-id=\"26a203c\" data-element_type=\"widget\" data-e-type=\"widget\" data-settings=\"{&quot;_animation&quot;:&quot;fadeIn&quot;,&quot;_animation_delay&quot;:200,&quot;ekit_we_effect_on&quot;:&quot;none&quot;}\" data-widget_type=\"heading.default\">\n\t\t\t\t<div class=\"elementor-widget-container\">\n\t\t\t\t\t<h2 class=\"elementor-heading-title elementor-size-default\">C\u00e1lido Experience, un service sur mesure pour le tourisme de luxe<\/h2>\t\t\t\t<\/div>\n\t\t\t\t<\/div>\n\t\t\t\t<div class=\"elementor-element elementor-element-6a07698 de_scroll_animation_no elementor-invisible elementor-widget elementor-widget-text-editor\" data-id=\"6a07698\" data-element_type=\"widget\" data-e-type=\"widget\" data-settings=\"{&quot;_animation&quot;:&quot;fadeIn&quot;,&quot;_animation_delay&quot;:400,&quot;ekit_we_effect_on&quot;:&quot;none&quot;}\" data-widget_type=\"text-editor.default\">\n\t\t\t\t<div class=\"elementor-widget-container\">\n\t\t\t\t\t\t\t\t\t<p>Article publi\u00e9 dans le journal Canarias 7, dimanche 10 mars de cette ann\u00e9e 2024.<\/p>\t\t\t\t\t\t\t\t<\/div>\n\t\t\t\t<\/div>\n\t\t\t\t<div class=\"elementor-element elementor-element-c2013d1 elementor-align-left de_scroll_animation_no elementor-invisible elementor-widget elementor-widget-button\" data-id=\"c2013d1\" data-element_type=\"widget\" data-e-type=\"widget\" data-settings=\"{&quot;_animation&quot;:&quot;fadeIn&quot;,&quot;_animation_delay&quot;:600,&quot;ekit_we_effect_on&quot;:&quot;none&quot;}\" data-widget_type=\"button.default\">\n\t\t\t\t<div class=\"elementor-widget-container\">\n\t\t\t\t\t\t\t\t\t<div class=\"elementor-button-wrapper\">\n\t\t\t\t\t<a class=\"elementor-button elementor-button-link elementor-size-sm\" href=\"https:\/\/www.canarias7.es\/canarias\/gran-canaria\/calido-experience-servicio-medida-turismo-lujo-20240311232836-nt.html\">\n\t\t\t\t\t\t<span class=\"elementor-button-content-wrapper\">\n\t\t\t\t\t\t\t\t\t<span class=\"elementor-button-text\">Voir ARTICLE<\/span>\n\t\t\t\t\t<\/span>\n\t\t\t\t\t<\/a>\n\t\t\t\t<\/div>\n\t\t\t\t\t\t\t\t<\/div>\n\t\t\t\t<\/div>\n\t\t\t\t<\/div>\n\t\t<div class=\"elementor-element elementor-element-1dd8916 e-con-full e-flex e-con e-child\" data-id=\"1dd8916\" data-element_type=\"container\" data-e-type=\"container\" data-settings=\"{&quot;jet_parallax_layout_list&quot;:[],&quot;ekit_has_onepagescroll_dot&quot;:&quot;yes&quot;}\">\n\t\t\t\t<div class=\"elementor-element elementor-element-c3d3d63 de_scroll_animation_no elementor-widget elementor-widget-image\" data-id=\"c3d3d63\" data-element_type=\"widget\" data-e-type=\"widget\" data-settings=\"{&quot;ekit_we_effect_on&quot;:&quot;none&quot;}\" data-widget_type=\"image.default\">\n\t\t\t\t<div class=\"elementor-widget-container\">\n\t\t\t\t\t\t\t\t\t\t\t\t\t\t\t<img decoding=\"async\" width=\"758\" height=\"505\" src=\"https:\/\/calidoexperience.com\/wp-content\/uploads\/2024\/03\/calido-758x531-1.webp\" class=\"attachment-large size-large wp-image-1852\" alt=\"\" srcset=\"https:\/\/calidoexperience.com\/wp-content\/uploads\/2024\/03\/calido-758x531-1.webp 758w, https:\/\/calidoexperience.com\/wp-content\/uploads\/2024\/03\/calido-758x531-1-300x200.webp 300w, https:\/\/calidoexperience.com\/wp-content\/uploads\/2024\/03\/calido-758x531-1-18x12.webp 18w\" sizes=\"(max-width: 758px) 100vw, 758px\" \/>\t\t\t\t\t\t\t\t\t\t\t\t\t\t\t<\/div>\n\t\t\t\t<\/div>\n\t\t\t\t<\/div>\n\t\t\t\t<\/div>\n\t\t<div class=\"elementor-element elementor-element-82a4799 e-con-full e-flex elementor-invisible e-con e-parent\" data-id=\"82a4799\" data-element_type=\"container\" data-e-type=\"container\" data-settings=\"{&quot;animation&quot;:&quot;fadeInRight&quot;,&quot;jet_parallax_layout_list&quot;:[],&quot;ekit_has_onepagescroll_dot&quot;:&quot;yes&quot;}\">\n\t\t<div class=\"elementor-element elementor-element-3653876 e-con-full e-flex e-con e-child\" data-id=\"3653876\" data-element_type=\"container\" data-e-type=\"container\" data-settings=\"{&quot;background_background&quot;:&quot;classic&quot;,&quot;jet_parallax_layout_list&quot;:[],&quot;ekit_has_onepagescroll_dot&quot;:&quot;yes&quot;}\">\n\t\t\t\t<div class=\"elementor-element elementor-element-37dadb0 elementor-widget-divider--view-line de_scroll_animation_no elementor-widget elementor-widget-divider\" data-id=\"37dadb0\" data-element_type=\"widget\" data-e-type=\"widget\" data-settings=\"{&quot;ekit_we_effect_on&quot;:&quot;none&quot;}\" data-widget_type=\"divider.default\">\n\t\t\t\t<div class=\"elementor-widget-container\">\n\t\t\t\t\t\t\t<div class=\"elementor-divider\">\n\t\t\t<span class=\"elementor-divider-separator\">\n\t\t\t\t\t\t<\/span>\n\t\t<\/div>\n\t\t\t\t\t\t<\/div>\n\t\t\t\t<\/div>\n\t\t\t\t<\/div>\n\t\t<div class=\"elementor-element elementor-element-4f8a089 e-con-full e-flex e-con e-child\" data-id=\"4f8a089\" data-element_type=\"container\" data-e-type=\"container\" data-settings=\"{&quot;jet_parallax_layout_list&quot;:[],&quot;ekit_has_onepagescroll_dot&quot;:&quot;yes&quot;}\">\n\t\t\t\t<div class=\"elementor-element elementor-element-c79d6d7 de_scroll_animation_no elementor-invisible elementor-widget elementor-widget-text-editor\" data-id=\"c79d6d7\" data-element_type=\"widget\" data-e-type=\"widget\" data-settings=\"{&quot;_animation&quot;:&quot;fadeIn&quot;,&quot;ekit_we_effect_on&quot;:&quot;none&quot;}\" data-widget_type=\"text-editor.default\">\n\t\t\t\t<div class=\"elementor-widget-container\">\n\t\t\t\t\t\t\t\t\t<p>COPE PLUS GRAN CANARIA<\/p>\t\t\t\t\t\t\t\t<\/div>\n\t\t\t\t<\/div>\n\t\t\t\t<div class=\"elementor-element elementor-element-fab82ce de_scroll_animation_no elementor-invisible elementor-widget elementor-widget-heading\" data-id=\"fab82ce\" data-element_type=\"widget\" data-e-type=\"widget\" data-settings=\"{&quot;_animation&quot;:&quot;fadeIn&quot;,&quot;_animation_delay&quot;:200,&quot;ekit_we_effect_on&quot;:&quot;none&quot;}\" data-widget_type=\"heading.default\">\n\t\t\t\t<div class=\"elementor-widget-container\">\n\t\t\t\t\t<h2 class=\"elementor-heading-title elementor-size-default\">Entretien avec \u00d3scar Calle<\/h2>\t\t\t\t<\/div>\n\t\t\t\t<\/div>\n\t\t\t\t<div class=\"elementor-element elementor-element-41f018f de_scroll_animation_no elementor-invisible elementor-widget elementor-widget-text-editor\" data-id=\"41f018f\" data-element_type=\"widget\" data-e-type=\"widget\" data-settings=\"{&quot;_animation&quot;:&quot;fadeIn&quot;,&quot;_animation_delay&quot;:400,&quot;ekit_we_effect_on&quot;:&quot;none&quot;}\" data-widget_type=\"text-editor.default\">\n\t\t\t\t<div class=\"elementor-widget-container\">\n\t\t\t\t\t\t\t\t\t<p>Notre directeur dans le programme radio COPE M\u00e1s Gran Canaria.<\/p>\t\t\t\t\t\t\t\t<\/div>\n\t\t\t\t<\/div>\n\t\t\t\t<div class=\"elementor-element elementor-element-8ee90a6 elementor-align-left de_scroll_animation_no elementor-invisible elementor-widget elementor-widget-button\" data-id=\"8ee90a6\" data-element_type=\"widget\" data-e-type=\"widget\" data-settings=\"{&quot;_animation&quot;:&quot;fadeIn&quot;,&quot;_animation_delay&quot;:600,&quot;ekit_we_effect_on&quot;:&quot;none&quot;}\" data-widget_type=\"button.default\">\n\t\t\t\t<div class=\"elementor-widget-container\">\n\t\t\t\t\t\t\t\t\t<div class=\"elementor-button-wrapper\">\n\t\t\t\t\t<a class=\"elementor-button elementor-button-link elementor-size-sm\" href=\"https:\/\/drive.google.com\/file\/d\/1JuemhKoJJsTEu9uLFhwXyeDM8A5V_ySZ\/view?usp=sharing\">\n\t\t\t\t\t\t<span class=\"elementor-button-content-wrapper\">\n\t\t\t\t\t\t\t\t\t<span class=\"elementor-button-text\">\u00c9couter l'interview<\/span>\n\t\t\t\t\t<\/span>\n\t\t\t\t\t<\/a>\n\t\t\t\t<\/div>\n\t\t\t\t\t\t\t\t<\/div>\n\t\t\t\t<\/div>\n\t\t\t\t<\/div>\n\t\t\t\t<\/div>\n\t\t\t\t\t<\/div>\n\t\t<\/div>\n\t\t\t\t\t<\/div>\n\t\t<\/section>\n\t\t\t\t<\/div>","protected":false},"excerpt":{"rendered":"<p>m\u00e9dias Dans cette section, vous trouverez toutes les nouvelles qui ont \u00e9t\u00e9 publi\u00e9es dans les m\u00e9dias et qui parlent de nous. CANARIAS 7 Nous apparaissons dans le journal ABC Article publi\u00e9 dans le journal ABC, dans la section voyage du journal Canarias 7, le 22 octobre de cette ann\u00e9e 2024. Voir ARTICLE CANARIAS 7 Exp\u00e9rience chaleureuse dans l'\u00e9v\u00e9nement gastronomique de la [...]<\/p>","protected":false},"author":2,"featured_media":0,"parent":0,"menu_order":0,"comment_status":"closed","ping_status":"closed","template":"","meta":{"footnotes":""},"class_list":["post-1850","page","type-page","status-publish","hentry"],"_links":{"self":[{"href":"https:\/\/calidoexperience.com\/fr\/wp-json\/wp\/v2\/pages\/1850","targetHints":{"allow":["GET"]}}],"collection":[{"href":"https:\/\/calidoexperience.com\/fr\/wp-json\/wp\/v2\/pages"}],"about":[{"href":"https:\/\/calidoexperience.com\/fr\/wp-json\/wp\/v2\/types\/page"}],"author":[{"embeddable":true,"href":"https:\/\/calidoexperience.com\/fr\/wp-json\/wp\/v2\/users\/2"}],"replies":[{"embeddable":true,"href":"https:\/\/calidoexperience.com\/fr\/wp-json\/wp\/v2\/comments?post=1850"}],"version-history":[{"count":26,"href":"https:\/\/calidoexperience.com\/fr\/wp-json\/wp\/v2\/pages\/1850\/revisions"}],"predecessor-version":[{"id":2430,"href":"https:\/\/calidoexperience.com\/fr\/wp-json\/wp\/v2\/pages\/1850\/revisions\/2430"}],"wp:attachment":[{"href":"https:\/\/calidoexperience.com\/fr\/wp-json\/wp\/v2\/media?parent=1850"}],"curies":[{"name":"wp","href":"https:\/\/api.w.org\/{rel}","templated":true}]}}