{"id":32,"date":"2023-06-01T12:09:23","date_gmt":"2023-06-01T12:09:23","guid":{"rendered":"https:\/\/calidoexperience.com\/?page_id=32"},"modified":"2024-11-20T17:57:32","modified_gmt":"2024-11-20T17:57:32","slug":"calido-soul","status":"publish","type":"page","link":"https:\/\/calidoexperience.com\/fr\/calido-soul\/","title":{"rendered":"\u00c2me chaude"},"content":{"rendered":"<div data-elementor-type=\"wp-page\" data-elementor-id=\"32\" class=\"elementor elementor-32\" data-elementor-post-type=\"page\">\n\t\t\t\t<div class=\"elementor-element elementor-element-57e5cb47 e-con-full e-flex e-con e-parent\" data-id=\"57e5cb47\" data-element_type=\"container\" data-e-type=\"container\" data-settings=\"{&quot;background_background&quot;:&quot;classic&quot;,&quot;jet_parallax_layout_list&quot;:[],&quot;ekit_has_onepagescroll_dot&quot;:&quot;yes&quot;}\">\n\t\t\t\t<\/div>\n\t\t<div class=\"elementor-element elementor-element-10e60cf4 e-flex e-con-boxed e-con e-parent\" data-id=\"10e60cf4\" data-element_type=\"container\" data-e-type=\"container\" data-settings=\"{&quot;jet_parallax_layout_list&quot;:[],&quot;ekit_has_onepagescroll_dot&quot;:&quot;yes&quot;}\">\n\t\t\t\t\t<div class=\"e-con-inner\">\n\t\t<div class=\"elementor-element elementor-element-44061c91 e-con-full e-flex e-con e-child\" data-id=\"44061c91\" data-element_type=\"container\" data-e-type=\"container\" data-settings=\"{&quot;jet_parallax_layout_list&quot;:[],&quot;ekit_has_onepagescroll_dot&quot;:&quot;yes&quot;}\">\n\t\t<div class=\"elementor-element elementor-element-c3300c0 e-flex e-con-boxed e-con e-child\" data-id=\"c3300c0\" data-element_type=\"container\" data-e-type=\"container\" data-settings=\"{&quot;jet_parallax_layout_list&quot;:[],&quot;ekit_has_onepagescroll_dot&quot;:&quot;yes&quot;}\">\n\t\t\t\t\t<div class=\"e-con-inner\">\n\t\t<div class=\"elementor-element elementor-element-bb238aa e-con-full e-flex e-con e-child\" data-id=\"bb238aa\" data-element_type=\"container\" data-e-type=\"container\" data-settings=\"{&quot;jet_parallax_layout_list&quot;:[],&quot;ekit_has_onepagescroll_dot&quot;:&quot;yes&quot;}\">\n\t\t\t\t<div class=\"elementor-element elementor-element-af2c937 elementor-widget-mobile__width-initial de_scroll_animation_no elementor-widget elementor-widget-image\" data-id=\"af2c937\" data-element_type=\"widget\" data-e-type=\"widget\" data-settings=\"{&quot;ekit_we_effect_on&quot;:&quot;none&quot;}\" data-widget_type=\"image.default\">\n\t\t\t\t<div class=\"elementor-widget-container\">\n\t\t\t\t\t\t\t\t\t\t\t\t\t\t\t<img fetchpriority=\"high\" decoding=\"async\" width=\"768\" height=\"1152\" src=\"https:\/\/calidoexperience.com\/wp-content\/uploads\/2024\/01\/super_Weddings-322-768x1152.jpg\" class=\"attachment-medium_large size-medium_large wp-image-1615\" alt=\"\" srcset=\"https:\/\/calidoexperience.com\/wp-content\/uploads\/2024\/01\/super_Weddings-322-768x1152.jpg 768w, https:\/\/calidoexperience.com\/wp-content\/uploads\/2024\/01\/super_Weddings-322-200x300.jpg 200w, https:\/\/calidoexperience.com\/wp-content\/uploads\/2024\/01\/super_Weddings-322-683x1024.jpg 683w, https:\/\/calidoexperience.com\/wp-content\/uploads\/2024\/01\/super_Weddings-322-1024x1536.jpg 1024w, https:\/\/calidoexperience.com\/wp-content\/uploads\/2024\/01\/super_Weddings-322-1366x2048.jpg 1366w, https:\/\/calidoexperience.com\/wp-content\/uploads\/2024\/01\/super_Weddings-322-8x12.jpg 8w, https:\/\/calidoexperience.com\/wp-content\/uploads\/2024\/01\/super_Weddings-322-scaled.jpg 1707w\" sizes=\"(max-width: 768px) 100vw, 768px\" \/>\t\t\t\t\t\t\t\t\t\t\t\t\t\t\t<\/div>\n\t\t\t\t<\/div>\n\t\t\t\t<\/div>\n\t\t<div class=\"elementor-element elementor-element-e9e607f e-flex e-con-boxed e-con e-child\" data-id=\"e9e607f\" data-element_type=\"container\" data-e-type=\"container\" data-settings=\"{&quot;jet_parallax_layout_list&quot;:[],&quot;ekit_has_onepagescroll_dot&quot;:&quot;yes&quot;}\">\n\t\t\t\t\t<div class=\"e-con-inner\">\n\t\t\t\t<div class=\"elementor-element elementor-element-d878fd1 de_scroll_animation_no elementor-widget elementor-widget-image\" data-id=\"d878fd1\" data-element_type=\"widget\" data-e-type=\"widget\" data-settings=\"{&quot;ekit_we_effect_on&quot;:&quot;none&quot;}\" data-widget_type=\"image.default\">\n\t\t\t\t<div class=\"elementor-widget-container\">\n\t\t\t\t\t\t\t\t\t\t\t\t\t\t\t<img decoding=\"async\" width=\"581\" height=\"381\" src=\"https:\/\/calidoexperience.com\/wp-content\/uploads\/2023\/06\/Logo-Violeta_sin-fondo-e1685628933393.png\" class=\"attachment-large size-large wp-image-71\" alt=\"\" srcset=\"https:\/\/calidoexperience.com\/wp-content\/uploads\/2023\/06\/Logo-Violeta_sin-fondo-e1685628933393.png 581w, https:\/\/calidoexperience.com\/wp-content\/uploads\/2023\/06\/Logo-Violeta_sin-fondo-e1685628933393-300x197.png 300w\" sizes=\"(max-width: 581px) 100vw, 581px\" \/>\t\t\t\t\t\t\t\t\t\t\t\t\t\t\t<\/div>\n\t\t\t\t<\/div>\n\t\t\t\t<div class=\"elementor-element elementor-element-54ca3ba6 de_scroll_animation_no elementor-invisible elementor-widget elementor-widget-heading\" data-id=\"54ca3ba6\" data-element_type=\"widget\" data-e-type=\"widget\" data-settings=\"{&quot;_animation&quot;:&quot;fadeIn&quot;,&quot;_animation_delay&quot;:200,&quot;ekit_we_effect_on&quot;:&quot;none&quot;}\" data-widget_type=\"heading.default\">\n\t\t\t\t<div class=\"elementor-widget-container\">\n\t\t\t\t\t<h2 class=\"elementor-heading-title elementor-size-default\"><span style=\"font-family: Arial, sans-serif;font-size: 14.5pt;color: var( --e-global-color-primary );letter-spacing: 0px\">Je m'appelle Oscar Calle, je suis originaire de Gran Canaria et je travaille dans le secteur du tourisme depuis pr\u00e8s de 20 ans. Avec notre \u00e9quipe, nous avons cr\u00e9\u00e9 C\u00e1lido Experience, le premier atelier d'exp\u00e9riences personnalis\u00e9es et de services de luxe, sp\u00e9cialis\u00e9 dans la Grande Canarie. Chez C\u00e1lido Experience, nous avons perfectionn\u00e9 l'art de cr\u00e9er des itin\u00e9raires personnalis\u00e9s, adapt\u00e9s \u00e0 vos go\u00fbts, pr\u00e9f\u00e9rences et besoins. Nous sommes sp\u00e9cialis\u00e9s dans la conception d'exp\u00e9riences sur mesure qui r\u00e9aliseront vos meilleurs souhaits \u00e0 Gran Canaria. Notre \u00e9quipe de concierges royaux se consacre \u00e0 vous fournir un service exceptionnel, en s'occupant de chaque d\u00e9tail pour que vous viviez une exp\u00e9rience unique et m\u00e9morable. Laissez-nous nous occuper de l'organisation de votre prochain voyage et d\u00e9couvrez l'exclusivit\u00e9 du voyage sur mesure. Voyager, c'est r\u00eaver, et chez C\u00e1lido Experience, nous transformons vos r\u00eaves en r\u00e9alit\u00e9.<\/span><\/h2>\t\t\t\t<\/div>\n\t\t\t\t<\/div>\n\t\t\t\t\t<\/div>\n\t\t\t\t<\/div>\n\t\t\t\t\t<\/div>\n\t\t\t\t<\/div>\n\t\t\t\t<\/div>\n\t\t\t\t\t<\/div>\n\t\t\t\t<\/div>\n\t\t<div class=\"elementor-element elementor-element-2f7a950 e-flex e-con-boxed e-con e-parent\" data-id=\"2f7a950\" data-element_type=\"container\" data-e-type=\"container\" data-settings=\"{&quot;jet_parallax_layout_list&quot;:[],&quot;background_background&quot;:&quot;classic&quot;,&quot;ekit_has_onepagescroll_dot&quot;:&quot;yes&quot;}\">\n\t\t\t\t\t<div class=\"e-con-inner\">\n\t\t\t\t<div class=\"elementor-element elementor-element-7e30bb8 de_scroll_animation_no elementor-widget elementor-widget-heading\" data-id=\"7e30bb8\" data-element_type=\"widget\" data-e-type=\"widget\" data-settings=\"{&quot;ekit_we_effect_on&quot;:&quot;none&quot;}\" data-widget_type=\"heading.default\">\n\t\t\t\t<div class=\"elementor-widget-container\">\n\t\t\t\t\t<h2 class=\"elementor-heading-title elementor-size-default\">L'\u00e9quipe de l'exp\u00e9rience chaleureuse<\/h2>\t\t\t\t<\/div>\n\t\t\t\t<\/div>\n\t\t\t\t<div class=\"elementor-element elementor-element-3cba116 de_scroll_animation_no elementor-widget elementor-widget-image\" data-id=\"3cba116\" data-element_type=\"widget\" data-e-type=\"widget\" data-settings=\"{&quot;ekit_we_effect_on&quot;:&quot;none&quot;}\" data-widget_type=\"image.default\">\n\t\t\t\t<div class=\"elementor-widget-container\">\n\t\t\t\t\t\t\t\t\t\t\t\t\t\t\t\t<a href=\"https:\/\/calidoexperience.com\/wp-content\/uploads\/2024\/10\/Hermano.jpeg\" data-elementor-open-lightbox=\"yes\" data-elementor-lightbox-title=\"Hermano\" data-e-action-hash=\"#elementor-action%3Aaction%3Dlightbox%26settings%3DeyJpZCI6MjI2MSwidXJsIjoiaHR0cHM6XC9cL2NhbGlkb2V4cGVyaWVuY2UuY29tXC93cC1jb250ZW50XC91cGxvYWRzXC8yMDI0XC8xMFwvSGVybWFuby5qcGVnIn0%3D\">\n\t\t\t\t\t\t\t<img decoding=\"async\" width=\"768\" height=\"1024\" src=\"https:\/\/calidoexperience.com\/wp-content\/uploads\/2024\/10\/Hermano-768x1024.jpeg\" class=\"attachment-large size-large wp-image-2261\" alt=\"\" srcset=\"https:\/\/calidoexperience.com\/wp-content\/uploads\/2024\/10\/Hermano-768x1024.jpeg 768w, https:\/\/calidoexperience.com\/wp-content\/uploads\/2024\/10\/Hermano-225x300.jpeg 225w, https:\/\/calidoexperience.com\/wp-content\/uploads\/2024\/10\/Hermano-1152x1536.jpeg 1152w, https:\/\/calidoexperience.com\/wp-content\/uploads\/2024\/10\/Hermano-9x12.jpeg 9w, https:\/\/calidoexperience.com\/wp-content\/uploads\/2024\/10\/Hermano.jpeg 1200w\" sizes=\"(max-width: 768px) 100vw, 768px\" \/>\t\t\t\t\t\t\t\t<\/a>\n\t\t\t\t\t\t\t\t\t\t\t\t\t\t\t<\/div>\n\t\t\t\t<\/div>\n\t\t\t\t<div class=\"elementor-element elementor-element-b9d975b de_scroll_animation_no elementor-widget elementor-widget-image\" data-id=\"b9d975b\" data-element_type=\"widget\" data-e-type=\"widget\" data-settings=\"{&quot;ekit_we_effect_on&quot;:&quot;none&quot;}\" data-widget_type=\"image.default\">\n\t\t\t\t<div class=\"elementor-widget-container\">\n\t\t\t\t\t\t\t\t\t\t\t\t\t\t\t\t<a href=\"https:\/\/calidoexperience.com\/wp-content\/uploads\/2024\/10\/Familia.png\" data-elementor-open-lightbox=\"yes\" data-elementor-lightbox-title=\"Familia\" data-e-action-hash=\"#elementor-action%3Aaction%3Dlightbox%26settings%3DeyJpZCI6MjI2NywidXJsIjoiaHR0cHM6XC9cL2NhbGlkb2V4cGVyaWVuY2UuY29tXC93cC1jb250ZW50XC91cGxvYWRzXC8yMDI0XC8xMFwvRmFtaWxpYS5wbmcifQ%3D%3D\">\n\t\t\t\t\t\t\t<img loading=\"lazy\" decoding=\"async\" width=\"768\" height=\"1024\" src=\"https:\/\/calidoexperience.com\/wp-content\/uploads\/2024\/10\/Familia-768x1024.png\" class=\"attachment-large size-large wp-image-2267\" alt=\"\" srcset=\"https:\/\/calidoexperience.com\/wp-content\/uploads\/2024\/10\/Familia-768x1024.png 768w, https:\/\/calidoexperience.com\/wp-content\/uploads\/2024\/10\/Familia-225x300.png 225w, https:\/\/calidoexperience.com\/wp-content\/uploads\/2024\/10\/Familia-1152x1536.png 1152w, https:\/\/calidoexperience.com\/wp-content\/uploads\/2024\/10\/Familia-9x12.png 9w, https:\/\/calidoexperience.com\/wp-content\/uploads\/2024\/10\/Familia.png 1200w\" sizes=\"(max-width: 768px) 100vw, 768px\" \/>\t\t\t\t\t\t\t\t<\/a>\n\t\t\t\t\t\t\t\t\t\t\t\t\t\t\t<\/div>\n\t\t\t\t<\/div>\n\t\t\t\t<div class=\"elementor-element elementor-element-41cf32c de_scroll_animation_no elementor-widget elementor-widget-image\" data-id=\"41cf32c\" data-element_type=\"widget\" data-e-type=\"widget\" data-settings=\"{&quot;ekit_we_effect_on&quot;:&quot;none&quot;}\" data-widget_type=\"image.default\">\n\t\t\t\t<div class=\"elementor-widget-container\">\n\t\t\t\t\t\t\t\t\t\t\t\t\t\t\t\t<a href=\"https:\/\/calidoexperience.com\/wp-content\/uploads\/2024\/10\/Cunada.jpeg\" data-elementor-open-lightbox=\"yes\" data-elementor-lightbox-title=\"Cun\u0303ada\" data-e-action-hash=\"#elementor-action%3Aaction%3Dlightbox%26settings%3DeyJpZCI6MjI2MywidXJsIjoiaHR0cHM6XC9cL2NhbGlkb2V4cGVyaWVuY2UuY29tXC93cC1jb250ZW50XC91cGxvYWRzXC8yMDI0XC8xMFwvQ3VuYWRhLmpwZWcifQ%3D%3D\">\n\t\t\t\t\t\t\t<img loading=\"lazy\" decoding=\"async\" width=\"768\" height=\"1024\" src=\"https:\/\/calidoexperience.com\/wp-content\/uploads\/2024\/10\/Cunada-768x1024.jpeg\" class=\"attachment-large size-large wp-image-2263\" alt=\"\" srcset=\"https:\/\/calidoexperience.com\/wp-content\/uploads\/2024\/10\/Cunada-768x1024.jpeg 768w, https:\/\/calidoexperience.com\/wp-content\/uploads\/2024\/10\/Cunada-225x300.jpeg 225w, https:\/\/calidoexperience.com\/wp-content\/uploads\/2024\/10\/Cunada-1152x1536.jpeg 1152w, https:\/\/calidoexperience.com\/wp-content\/uploads\/2024\/10\/Cunada-9x12.jpeg 9w, https:\/\/calidoexperience.com\/wp-content\/uploads\/2024\/10\/Cunada.jpeg 1200w\" sizes=\"(max-width: 768px) 100vw, 768px\" \/>\t\t\t\t\t\t\t\t<\/a>\n\t\t\t\t\t\t\t\t\t\t\t\t\t\t\t<\/div>\n\t\t\t\t<\/div>\n\t\t\t\t\t<\/div>\n\t\t\t\t<\/div>\n\t\t<div class=\"elementor-element elementor-element-8d51a28 e-flex e-con-boxed e-con e-parent\" data-id=\"8d51a28\" data-element_type=\"container\" data-e-type=\"container\" data-settings=\"{&quot;jet_parallax_layout_list&quot;:[],&quot;ekit_has_onepagescroll_dot&quot;:&quot;yes&quot;}\">\n\t\t\t\t\t<div class=\"e-con-inner\">\n\t\t\t\t<div class=\"elementor-element elementor-element-15f29aa de_scroll_animation_no elementor-invisible elementor-widget elementor-widget-text-editor\" data-id=\"15f29aa\" data-element_type=\"widget\" data-e-type=\"widget\" data-settings=\"{&quot;_animation&quot;:&quot;fadeIn&quot;,&quot;ekit_we_effect_on&quot;:&quot;none&quot;}\" data-widget_type=\"text-editor.default\">\n\t\t\t\t<div class=\"elementor-widget-container\">\n\t\t\t\t\t\t\t\t\t<p>TESTIMONIALES<\/p>\t\t\t\t\t\t\t\t<\/div>\n\t\t\t\t<\/div>\n\t\t\t\t<div class=\"elementor-element elementor-element-cadf023 de_scroll_animation_no elementor-invisible elementor-widget elementor-widget-heading\" data-id=\"cadf023\" data-element_type=\"widget\" data-e-type=\"widget\" data-settings=\"{&quot;_animation&quot;:&quot;fadeIn&quot;,&quot;_animation_delay&quot;:200,&quot;ekit_we_effect_on&quot;:&quot;none&quot;}\" data-widget_type=\"heading.default\">\n\t\t\t\t<div class=\"elementor-widget-container\">\n\t\t\t\t\t<h2 class=\"elementor-heading-title elementor-size-default\">NOUS R\u00c9ALISONS VOS R\u00caVES<\/h2>\t\t\t\t<\/div>\n\t\t\t\t<\/div>\n\t\t\t\t\t<\/div>\n\t\t\t\t<\/div>\n\t\t<div class=\"elementor-element elementor-element-d96541f e-flex e-con-boxed e-con e-parent\" data-id=\"d96541f\" data-element_type=\"container\" data-e-type=\"container\" data-settings=\"{&quot;jet_parallax_layout_list&quot;:[],&quot;ekit_has_onepagescroll_dot&quot;:&quot;yes&quot;}\">\n\t\t\t\t\t<div class=\"e-con-inner\">\n\t\t<div class=\"elementor-element elementor-element-7eb6728 e-con-full e-flex e-con e-child\" data-id=\"7eb6728\" data-element_type=\"container\" data-e-type=\"container\" data-settings=\"{&quot;jet_parallax_layout_list&quot;:[],&quot;ekit_has_onepagescroll_dot&quot;:&quot;yes&quot;}\">\n\t\t\t\t<div class=\"elementor-element elementor-element-a78c717 de_scroll_animation_no elementor-widget elementor-widget-image\" data-id=\"a78c717\" data-element_type=\"widget\" data-e-type=\"widget\" data-settings=\"{&quot;ekit_we_effect_on&quot;:&quot;none&quot;}\" data-widget_type=\"image.default\">\n\t\t\t\t<div class=\"elementor-widget-container\">\n\t\t\t\t\t\t\t\t\t\t\t\t\t\t\t<img loading=\"lazy\" decoding=\"async\" width=\"800\" height=\"600\" src=\"https:\/\/calidoexperience.com\/wp-content\/uploads\/2024\/11\/unnamed-1024x768.jpg\" class=\"attachment-large size-large wp-image-2437\" alt=\"\" srcset=\"https:\/\/calidoexperience.com\/wp-content\/uploads\/2024\/11\/unnamed-1024x768.jpg 1024w, https:\/\/calidoexperience.com\/wp-content\/uploads\/2024\/11\/unnamed-300x225.jpg 300w, https:\/\/calidoexperience.com\/wp-content\/uploads\/2024\/11\/unnamed-768x576.jpg 768w, https:\/\/calidoexperience.com\/wp-content\/uploads\/2024\/11\/unnamed-1536x1152.jpg 1536w, https:\/\/calidoexperience.com\/wp-content\/uploads\/2024\/11\/unnamed-16x12.jpg 16w, https:\/\/calidoexperience.com\/wp-content\/uploads\/2024\/11\/unnamed.jpg 1600w\" sizes=\"(max-width: 800px) 100vw, 800px\" \/>\t\t\t\t\t\t\t\t\t\t\t\t\t\t\t<\/div>\n\t\t\t\t<\/div>\n\t\t\t\t<div class=\"elementor-element elementor-element-f707485 de_scroll_animation_no elementor-widget elementor-widget-heading\" data-id=\"f707485\" data-element_type=\"widget\" data-e-type=\"widget\" data-settings=\"{&quot;ekit_we_effect_on&quot;:&quot;none&quot;}\" data-widget_type=\"heading.default\">\n\t\t\t\t<div class=\"elementor-widget-container\">\n\t\t\t\t\t<h2 class=\"elementor-heading-title elementor-size-default\">Un voyage inoubliable : comment Oscar et Calido ont transform\u00e9 nos vacances en une aventure de r\u00eave<\/h2>\t\t\t\t<\/div>\n\t\t\t\t<\/div>\n\t\t\t\t<div class=\"elementor-element elementor-element-0b138d5 de_scroll_animation_no elementor-widget elementor-widget-text-editor\" data-id=\"0b138d5\" data-element_type=\"widget\" data-e-type=\"widget\" data-settings=\"{&quot;ekit_we_effect_on&quot;:&quot;none&quot;}\" data-widget_type=\"text-editor.default\">\n\t\t\t\t<div class=\"elementor-widget-container\">\n\t\t\t\t\t\t\t\t\t<p>Pour nous, voyager signifie se d\u00e9connecter des routines quotidiennes, se surcharger et se concentrer uniquement sur la beaut\u00e9 qui nous entoure. Adopter un nouveau rythme, ralentir et profiter du moment pr\u00e9sent, ce qui est parfois difficile \u00e0 faire au quotidien. Les vacances sont les meilleurs jours de l'ann\u00e9e et nous ne les prenons pas pour acquis. Avoir ces jours pr\u00e9cieux \u00e0 savourer en famille signifie beaucoup pour nous.<\/p>\t\t\t\t\t\t\t\t<\/div>\n\t\t\t\t<\/div>\n\t\t\t\t<\/div>\n\t\t<div class=\"elementor-element elementor-element-e56917f e-con-full e-flex e-con e-child\" data-id=\"e56917f\" data-element_type=\"container\" data-e-type=\"container\" data-settings=\"{&quot;jet_parallax_layout_list&quot;:[],&quot;ekit_has_onepagescroll_dot&quot;:&quot;yes&quot;}\">\n\t\t\t\t<div class=\"elementor-element elementor-element-875617f de_scroll_animation_no elementor-widget elementor-widget-text-editor\" data-id=\"875617f\" data-element_type=\"widget\" data-e-type=\"widget\" data-settings=\"{&quot;ekit_we_effect_on&quot;:&quot;none&quot;}\" data-widget_type=\"text-editor.default\">\n\t\t\t\t<div class=\"elementor-widget-container\">\n\t\t\t\t\t\t\t\t\t<p>Ainsi, pour tirer le meilleur parti de notre exp\u00e9rience pour notre escapade estivale choisie cette ann\u00e9e, les \u00eeles Canaries, nous recherchions un professionnel, un agent local, plut\u00f4t un connaisseur de la culture de la vie et des meilleurs endroits \u00e0 visiter, pour nous aider et nous indiquer d'excellentes options. Avec tant d'\u00eeles parmi lesquelles choisir, les meilleurs endroits et lieux \u00e0 visiter, pour r\u00e9aliser tous les r\u00eaves de toute la famille, nous avons trouv\u00e9 la meilleure personne pour nous aider \u00e0 atteindre tous les objectifs que nous avions \u00e0 l'esprit pour des vacances merveilleuses. Cette personne, c'est Oscar, le cerveau et le c\u0153ur de C\u00e1lido. N\u00e9 et ayant grandi sur l'\u00eele principale de Grande Canarie, dot\u00e9 d'une grande exp\u00e9rience dans le domaine des loisirs et de l'h\u00f4tellerie, il a bien compris nos d\u00e9sirs et a imm\u00e9diatement propos\u00e9 le meilleur programme que nous ne pouvions qu'imaginer dans nos r\u00eaves. Et \u00e0 quoi servent les vacances si ce n'est \u00e0 r\u00eaver, \u00e0 vivre des exp\u00e9riences incroyables et \u00e0 cr\u00e9er des souvenirs inoubliables ? Oscar nous a propos\u00e9 ses meilleures options et nous a offert une mine de connaissances sur les diff\u00e9rents sc\u00e9narios.<\/p><p>Certains d'entre eux ne correspondaient pas du tout \u00e0 l'id\u00e9e que nous nous faisions des vacances parfaites, mais nous \u00e9tions absolument intrigu\u00e9s. Peut-\u00eatre \u00e9tait-ce leur souci du d\u00e9tail, la garantie d'exp\u00e9riences uniques ou leur passion pour la vie dans les \u00eeles. Nous sommes vraiment reconnaissants d'avoir suivi leur exemple et d'avoir tent\u00e9 l'exp\u00e9rience. L'exp\u00e9rience de l'\u00eele est \u00e9poustouflante, saine et unique. Nous n'aurions jamais pens\u00e9 qu'un endroit aurait autant de visages \u00e0 d\u00e9couvrir et la fa\u00e7on dont on peut les d\u00e9couvrir est fascinante. Dormir sur les sommets dans l'un des lodges les plus authentiques au-dessus des nuages, dormir dans la for\u00eat de pins magique du parc naturel de Tamadaba, faire du catamaran dans les dunes au sud de Maspalomas, visiter de nombreuses fincas et bodegas locales et go\u00fbter \u00e0 la d\u00e9licieuse cuisine traditionnelle dans des cadres uniques, faire de la plong\u00e9e en apn\u00e9e avec des couvertures et regarder le coucher de soleil sur les plages sauvages du nord avec un feu de camp et l'oc\u00e9an qui cr\u00e9e une musique pour tous les sens. Mon fils dit encore que ce sont les meilleures vacances de ma vie !!!!! Imaginez cela !!! Merci, Oscar et votre formidable \u00e9quipe, pour cette d\u00e9couverte tr\u00e8s sp\u00e9ciale et pour avoir fait de nos r\u00eaves une r\u00e9alit\u00e9.<\/p><p><strong>Un c\u00e2lin de marin :)<\/strong><\/p>\t\t\t\t\t\t\t\t<\/div>\n\t\t\t\t<\/div>\n\t\t\t\t<\/div>\n\t\t\t\t\t<\/div>\n\t\t\t\t<\/div>\n\t\t\t\t<\/div>","protected":false},"excerpt":{"rendered":"<p>Mi nombre es Oscar Calle, soy de Gran Canaria, y llevo cerca de 20 a\u00f1os en el sector tur\u00edstico. Junto a nuestro equipo, hemos creado C\u00e1lido Experience, primer atelier de experiencias personalizadas, y servicios de lujo, especializado en Gran Canaria. En C\u00e1lido Experience, hemos perfeccionado el arte de crear itinerarios personalizados que se adaptan a [&hellip;]<\/p>","protected":false},"author":1,"featured_media":0,"parent":0,"menu_order":0,"comment_status":"closed","ping_status":"closed","template":"","meta":{"footnotes":""},"class_list":["post-32","page","type-page","status-publish","hentry"],"_links":{"self":[{"href":"https:\/\/calidoexperience.com\/fr\/wp-json\/wp\/v2\/pages\/32","targetHints":{"allow":["GET"]}}],"collection":[{"href":"https:\/\/calidoexperience.com\/fr\/wp-json\/wp\/v2\/pages"}],"about":[{"href":"https:\/\/calidoexperience.com\/fr\/wp-json\/wp\/v2\/types\/page"}],"author":[{"embeddable":true,"href":"https:\/\/calidoexperience.com\/fr\/wp-json\/wp\/v2\/users\/1"}],"replies":[{"embeddable":true,"href":"https:\/\/calidoexperience.com\/fr\/wp-json\/wp\/v2\/comments?post=32"}],"version-history":[{"count":73,"href":"https:\/\/calidoexperience.com\/fr\/wp-json\/wp\/v2\/pages\/32\/revisions"}],"predecessor-version":[{"id":2456,"href":"https:\/\/calidoexperience.com\/fr\/wp-json\/wp\/v2\/pages\/32\/revisions\/2456"}],"wp:attachment":[{"href":"https:\/\/calidoexperience.com\/fr\/wp-json\/wp\/v2\/media?parent=32"}],"curies":[{"name":"wp","href":"https:\/\/api.w.org\/{rel}","templated":true}]}}