{"id":958,"date":"2023-07-03T11:40:17","date_gmt":"2023-07-03T11:40:17","guid":{"rendered":"https:\/\/calidoexperience.com\/?page_id=958"},"modified":"2023-07-03T11:40:17","modified_gmt":"2023-07-03T11:40:17","slug":"politica-de-privacidad","status":"publish","type":"page","link":"https:\/\/calidoexperience.com\/fr\/politica-de-privacidad\/","title":{"rendered":"Politique de confidentialit\u00e9"},"content":{"rendered":"<p>Chez Calido Experience, nous appr\u00e9cions et respectons votre vie priv\u00e9e. Cette politique de confidentialit\u00e9 d\u00e9finit la mani\u00e8re dont nous recueillons, utilisons et prot\u00e9geons les informations personnelles que vous nous fournissez lorsque vous utilisez notre site web. <a href=\"https:\/\/calidoexperience.com\/fr\/\">www.calidoexperience.com<\/a> (ci-apr\u00e8s d\u00e9nomm\u00e9 le \"site web\"). Nous vous encourageons \u00e0 lire attentivement la pr\u00e9sente politique de confidentialit\u00e9 avant de fournir des informations personnelles.<\/p>\n\n\n\n<ol class=\"wp-block-list\">\n<li>Informations collect\u00e9es<\/li>\n<\/ol>\n\n\n\n<p>Nous pouvons recueillir les informations personnelles suivantes lorsque vous les fournissez volontairement lors de l'utilisation de notre site web :<\/p>\n\n\n\n<ul class=\"wp-block-list\">\n<li>Nom complet.<\/li>\n\n\n\n<li>Adresse \u00e9lectronique.<\/li>\n\n\n\n<li>Num\u00e9ro de t\u00e9l\u00e9phone.<\/li>\n\n\n\n<li>Informations relatives \u00e0 la facturation et au paiement.<\/li>\n\n\n\n<li>des informations d\u00e9mographiques, telles que votre situation g\u00e9ographique.<\/li>\n<\/ul>\n\n\n\n<p>En outre, nous pouvons recueillir des informations non personnelles sur votre visite du site web, telles que votre adresse IP, le navigateur utilis\u00e9, le syst\u00e8me d'exploitation, les pages visit\u00e9es et le temps pass\u00e9 \u00e0 naviguer. Ces informations sont collect\u00e9es automatiquement par le biais de cookies et de technologies similaires. Pour en savoir plus, consultez notre politique en mati\u00e8re de cookies.<\/p>\n\n\n\n<ol class=\"wp-block-list\" start=\"2\">\n<li>Utilisation de l'information<\/li>\n<\/ol>\n\n\n\n<p>Nous utilisons les informations personnelles que nous recueillons aux fins suivantes :<\/p>\n\n\n\n<ul class=\"wp-block-list\">\n<li>Traiter vos r\u00e9servations et vos demandes.<\/li>\n\n\n\n<li>vous fournir les services demand\u00e9s.<\/li>\n\n\n\n<li>Envoyer des communications relatives aux services contractuels.<\/li>\n\n\n\n<li>Personnaliser votre exp\u00e9rience sur notre site web.<\/li>\n\n\n\n<li>Am\u00e9liorer nos services et la fonctionnalit\u00e9 du site web.<\/li>\n\n\n\n<li>Envoyer des promotions et des offres sp\u00e9ciales, sous r\u00e9serve de votre consentement pr\u00e9alable.<\/li>\n<\/ul>\n\n\n\n<ol class=\"wp-block-list\" start=\"3\">\n<li>Partage de l'information<\/li>\n<\/ol>\n\n\n\n<p>Nous ne vendons pas, ne louons pas et ne partageons pas vos informations personnelles avec des tiers sans votre consentement explicite, sauf dans les cas suivants :<\/p>\n\n\n\n<ul class=\"wp-block-list\">\n<li>Prestataires de services : nous pouvons partager vos informations avec des tiers qui nous aident \u00e0 fournir des services li\u00e9s \u00e0 l'exploitation du site web, tels que le traitement des paiements, les services d'h\u00e9bergement web et l'analyse des donn\u00e9es. Ces prestataires de services ont un acc\u00e8s limit\u00e9 \u00e0 vos informations personnelles et sont tenus de les prot\u00e9ger et de ne les utiliser que conform\u00e9ment \u00e0 nos instructions.<\/li>\n\n\n\n<li>Respect de la loi : nous pouvons divulguer vos informations personnelles lorsque la loi, une d\u00e9cision de justice ou une autorit\u00e9 comp\u00e9tente l'exige pour nous conformer \u00e0 nos obligations l\u00e9gales.<\/li>\n<\/ul>\n\n\n\n<ol class=\"wp-block-list\" start=\"4\">\n<li>S\u00e9curit\u00e9 de l'information<\/li>\n<\/ol>\n\n\n\n<p>Nous mettons en \u0153uvre des mesures de s\u00e9curit\u00e9 techniques et organisationnelles appropri\u00e9es pour prot\u00e9ger vos informations personnelles contre l'acc\u00e8s, la divulgation, l'alt\u00e9ration ou la destruction non autoris\u00e9s. Toutefois, veuillez noter qu'aucune transmission de donn\u00e9es sur Internet ou aucun stockage \u00e9lectronique n'est totalement s\u00fbr et que nous ne pouvons pas garantir la s\u00e9curit\u00e9 absolue de vos informations.<\/p>\n\n\n\n<ol class=\"wp-block-list\" start=\"5\">\n<li>Vos droits<\/li>\n<\/ol>\n\n\n\n<p>Vous disposez de certains droits en ce qui concerne vos donn\u00e9es \u00e0 caract\u00e8re personnel. Vous pouvez exercer les droits suivants \u00e0 tout moment :<\/p>\n\n\n\n<ul class=\"wp-block-list\">\n<li>Acc\u00e8s : demander des informations sur les donn\u00e9es personnelles que nous d\u00e9tenons \u00e0 votre sujet.<\/li>\n\n\n\n<li>Rectification : corriger toute donn\u00e9e personnelle inexacte ou incompl\u00e8te.<\/li>\n\n\n\n<li>Suppression : demander la suppression de vos donn\u00e9es personnelles lorsqu'elles ne sont plus n\u00e9cessaires aux fins pour lesquelles elles ont \u00e9t\u00e9 collect\u00e9es.<\/li>\n\n\n\n<li>S'opposer : s'opposer au traitement de vos donn\u00e9es personnelles dans certaines circonstances.<\/li>\n\n\n\n<li>Portabilit\u00e9 : demander le transfert de vos donn\u00e9es personnelles \u00e0 une autre entit\u00e9.<\/li>\n<\/ul>\n\n\n\n<p>Pour exercer vos droits ou si vous avez des questions concernant notre politique de protection de la vie priv\u00e9e, vous pouvez nous contacter par courrier \u00e9lectronique \u00e0 l'adresse suivante <a href=\"mailto:hola@calidoexperience.com\">hola@calidoexperience.com<\/a>.<\/p>\n\n\n\n<ol class=\"wp-block-list\" start=\"6\">\n<li>Modifications de la politique de confidentialit\u00e9<\/li>\n<\/ol>\n\n\n\n<p>Nous nous r\u00e9servons le droit de mettre \u00e0 jour ou de modifier la pr\u00e9sente politique de confidentialit\u00e9 \u00e0 tout moment et sans pr\u00e9avis. Nous vous encourageons \u00e0 consulter r\u00e9guli\u00e8rement cette page pour prendre connaissance de tout changement. La date de la derni\u00e8re mise \u00e0 jour sera indiqu\u00e9e \u00e0 la fin de la pr\u00e9sente politique de confidentialit\u00e9.<\/p>\n\n\n\n<p>Date de la derni\u00e8re mise \u00e0 jour : 03\/07\/2023<\/p>","protected":false},"excerpt":{"rendered":"<p>En Calido Experience, valoramos y respetamos tu privacidad. Esta Pol\u00edtica de Privacidad establece c\u00f3mo recopilamos, utilizamos y protegemos la informaci\u00f3n personal que nos proporcionas al utilizar nuestro sitio web www.calidoexperience.com (en adelante, el \u00abSitio Web\u00bb). Te recomendamos leer detenidamente esta Pol\u00edtica de Privacidad antes de proporcionar cualquier informaci\u00f3n personal. Podemos recopilar la siguiente informaci\u00f3n personal [&hellip;]<\/p>","protected":false},"author":1,"featured_media":0,"parent":0,"menu_order":0,"comment_status":"closed","ping_status":"closed","template":"","meta":{"footnotes":""},"class_list":["post-958","page","type-page","status-publish","hentry"],"_links":{"self":[{"href":"https:\/\/calidoexperience.com\/fr\/wp-json\/wp\/v2\/pages\/958","targetHints":{"allow":["GET"]}}],"collection":[{"href":"https:\/\/calidoexperience.com\/fr\/wp-json\/wp\/v2\/pages"}],"about":[{"href":"https:\/\/calidoexperience.com\/fr\/wp-json\/wp\/v2\/types\/page"}],"author":[{"embeddable":true,"href":"https:\/\/calidoexperience.com\/fr\/wp-json\/wp\/v2\/users\/1"}],"replies":[{"embeddable":true,"href":"https:\/\/calidoexperience.com\/fr\/wp-json\/wp\/v2\/comments?post=958"}],"version-history":[{"count":1,"href":"https:\/\/calidoexperience.com\/fr\/wp-json\/wp\/v2\/pages\/958\/revisions"}],"predecessor-version":[{"id":959,"href":"https:\/\/calidoexperience.com\/fr\/wp-json\/wp\/v2\/pages\/958\/revisions\/959"}],"wp:attachment":[{"href":"https:\/\/calidoexperience.com\/fr\/wp-json\/wp\/v2\/media?parent=958"}],"curies":[{"name":"wp","href":"https:\/\/api.w.org\/{rel}","templated":true}]}}